{"id":6511,"date":"2025-04-21T03:24:19","date_gmt":"2025-04-21T07:24:19","guid":{"rendered":"https:\/\/www.sjpack.com\/?page_id=6511"},"modified":"2025-06-09T04:55:33","modified_gmt":"2025-06-09T08:55:33","slug":"speak-up-intake-form","status":"publish","type":"page","link":"https:\/\/www.sjpack.com\/vi\/speak-up-intake-form\/","title":{"rendered":"Speak Up Intake Form &#8211; VI"},"content":{"rendered":"<div class=\"form-div vi-form\">\n<h2 class=\"form-div-heading\">Bi\u1ec3u m\u1eabu ti\u1ebfp nh\u1eadn khi\u1ebfu n\u1ea1i<\/h2>\n<p class=\"form-sub\">Bi\u1ec3u m\u1eabu n\u00e0y s\u1ebd cung c\u1ea5p cho nh\u00e2n vi\u00ean, \u0111\u1ed1i t\u00e1c kinh doanh v\u00e0 nh\u1eefng ng\u01b0\u1eddi kh\u00e1c c\u00e1ch b\u00e1o c\u00e1o b\u1ea5t k\u1ef3 h\u00e0nh vi vi ph\u1ea1m n\u00e0o \u0111\u1ed1i v\u1edbi quy t\u1eafc \u1ee9ng x\u1eed, ch\u00ednh s\u00e1ch ho\u1eb7c lu\u1eadt hi\u1ec7n h\u00e0nh c\u1ee7a ch\u00fang t\u00f4i. <span class=\"bold-itac\">V\u00ed d\u1ee5, \u0111i\u1ec1u n\u00e0y c\u00f3 th\u1ec3 bao g\u1ed3m vi ph\u1ea1m nghi\u00eam tr\u1ecdng v\u1ec1 An to\u00e0n ho\u1eb7c Ch\u1ea5t l\u01b0\u1ee3ng s\u1ea3n ph\u1ea9m, c\u00e1c ho\u1ea1t \u0111\u1ed9ng kinh doanh phi \u0111\u1ea1o \u0111\u1ee9c ho\u1eb7c ho\u1ea1t \u0111\u1ed9ng b\u1ea5t h\u1ee3p ph\u00e1p d\u01b0\u1edbi b\u1ea5t k\u1ef3 h\u00ecnh th\u1ee9c n\u00e0o. <\/span>Vui l\u00f2ng ho\u00e0n th\u00e0nh bi\u1ec3u m\u1eabu n\u00e0y \u0111\u1ec3 b\u00e1o c\u00e1o khi\u1ebfu n\u1ea1i t\u1ea1i b\u1ea5t k\u1ef3 trang web n\u00e0o c\u1ee7a ch\u00fang t\u00f4i v\u00e0 b\u1ea1n c\u1ea3m th\u1ea5y kh\u00f4ng tho\u1ea3i m\u00e1i khi n\u00eau khi\u1ebfu n\u1ea1i th\u00f4ng qua c\u00e1c k\u00eanh \u0111\u1ecba ph\u01b0\u01a1ng.<\/p>\n\n                <div class='gf_browser_gecko gform_wrapper intake-form_wrapper' id='gform_wrapper_289' style='display:none'><div id='gf_289' class='gform_anchor' tabindex='-1'><\/div><form method='post' enctype='multipart\/form-data' target='gform_ajax_frame_289' id='gform_289' class='intake-form' action='\/vi\/wp-json\/wp\/v2\/pages\/6511\/#gf_289'>\n                        <div class='gform_body'><ul id='gform_fields_289' class='gform_fields top_label form_sublabel_below description_below'><li id='field_289_1'  class='gfield gfield_contains_required field_sublabel_below field_description_below gfield_visibility_visible' ><label class='gfield_label'  >B\u1ea1n c\u00f3 mu\u1ed1n gi\u1eef \u1ea9n danh kh\u00f4ng?<span class='gfield_required'>*<\/span><\/label><div class='ginput_container ginput_container_radio'><ul class='gfield_radio' id='input_289_1'><li class='gchoice_289_1_0'><input name='input_1' type='radio' value='C\u00f3'  id='choice_289_1_0'    \/><label for='choice_289_1_0' id='label_289_1_0'>C\u00f3<\/label><\/li><li class='gchoice_289_1_1'><input name='input_1' type='radio' value='Kh\u00f4ng' checked='checked' id='choice_289_1_1'    \/><label for='choice_289_1_1' id='label_289_1_1'>Kh\u00f4ng<\/label><\/li><\/ul><\/div><\/li><li id='field_289_2'  class='gfield gsection field_sublabel_below field_description_below gfield_visibility_visible' ><h2 class='gsection_title'>Chi ti\u1ebft li\u00ean h\u1ec7:<\/h2><\/li><li id='field_289_3'  class='gfield field_sublabel_below field_description_below gfield_visibility_visible' ><label class='gfield_label' for='input_289_3' >T\u00ean<\/label><div class='ginput_container ginput_container_text'><input name='input_3' id='input_289_3' type='text' value='' class='large'      aria-invalid=\"false\" \/><\/div><\/li><li id='field_289_4'  class='gfield field_sublabel_below field_description_below gfield_visibility_visible' ><label class='gfield_label' for='input_289_4' >Email li\u00ean h\u1ec7<\/label><div class='ginput_container ginput_container_email'>\n                            <input name='input_4' id='input_289_4' type='email' value='' class='large'     aria-invalid=\"false\" \/>\n                        <\/div><\/li><li id='field_289_5'  class='gfield field_sublabel_below field_description_below gfield_visibility_visible' ><label class='gfield_label' for='input_289_5' >S\u1ed1 \u0111i\u1ec7n tho\u1ea1i li\u00ean h\u1ec7<\/label><div class='ginput_container ginput_container_phone'><input name='input_5' id='input_289_5' type='tel' value='' class='large'    aria-invalid=\"false\"  \/><\/div><\/li><li id='field_289_6'  class='gfield gfield_contains_required field_sublabel_below field_description_below gfield_visibility_visible' ><label class='gfield_label'  >B\u1ea1n c\u00f3 ph\u1ea3i l\u00e0 nh\u00e2n vi\u00ean c\u1ee7a St. Johns Packaging kh\u00f4ng?<span class='gfield_required'>*<\/span><\/label><div class='ginput_container ginput_container_radio'><ul class='gfield_radio' id='input_289_6'><li class='gchoice_289_6_0'><input name='input_6' type='radio' value='C\u00f3'  id='choice_289_6_0'    \/><label for='choice_289_6_0' id='label_289_6_0'>C\u00f3<\/label><\/li><li class='gchoice_289_6_1'><input name='input_6' type='radio' value='Kh\u00f4ng'  id='choice_289_6_1'    \/><label for='choice_289_6_1' id='label_289_6_1'>Kh\u00f4ng<\/label><\/li><\/ul><\/div><\/li><li id='field_289_18'  class='gfield gfield_contains_required field_sublabel_below field_description_below gfield_visibility_visible' ><label class='gfield_label' for='input_289_18' >Khi\u1ebfu n\u1ea1i n\u00e0y li\u00ean quan \u0111\u1ebfn \u0111\u1ecba \u0111i\u1ec3m n\u00e0o c\u1ee7a St. Johns Packaging?<span class='gfield_required'>*<\/span><\/label><div class='ginput_container ginput_container_select'><select name='input_18' id='input_289_18' class='large gfield_select'   aria-required=\"true\" aria-invalid=\"false\"><option value='' selected='selected' class='gf_placeholder'>Ch\u1ecdn v\u1ecb tr\u00ed<\/option><option value='St-Luc, Canada' >St-Luc, Canada<\/option><option value='St-Jean \u00e9p \u0111\u00f9n, Canada' >St-Jean \u00e9p \u0111\u00f9n, Canada<\/option><option value='Point-aux-Trembles, Canada' >Point-aux-Trembles, Canada<\/option><option value='Greensboro, M\u1ef9' >Greensboro, M\u1ef9<\/option><option value='Ilkeston, V\u01b0\u01a1ng qu\u1ed1c Anh' >Ilkeston, V\u01b0\u01a1ng qu\u1ed1c Anh<\/option><option value='Guadalajara, Mexico' >Guadalajara, Mexico<\/option><option value='Leon, Mexico' >Leon, Mexico<\/option><option value='GPF, Vi\u1ec7t Nam' >GPF, Vi\u1ec7t Nam<\/option><option value='SJPV, Vi\u1ec7t Nam' >SJPV, Vi\u1ec7t Nam<\/option><option value='SJPK, Trung Qu\u1ed1c' >SJPK, Trung Qu\u1ed1c<\/option><option value='Kh\u00e1c (vui l\u00f2ng n\u00eau r\u00f5)' >Kh\u00e1c (vui l\u00f2ng n\u00eau r\u00f5)<\/option><\/select><\/div><\/li><li id='field_289_19'  class='gfield field_sublabel_below field_description_below gfield_visibility_visible' ><label class='gfield_label' for='input_289_19' >Kh\u00e1c<\/label><div class='ginput_container ginput_container_textarea'><textarea name='input_19' id='input_289_19' class='textarea small'      aria-invalid=\"false\"   rows='10' cols='50'><\/textarea><\/div><\/li><li id='field_289_8'  class='gfield concern-field-sec gfield_contains_required field_sublabel_below field_description_below gfield_visibility_visible' ><label class='gfield_label' for='input_289_8' >B\u1ea3n ch\u1ea5t c\u1ee7a m\u1ed1i quan t\u00e2m c\u1ee7a b\u1ea1n l\u00e0 g\u00ec?<span class='gfield_required'>*<\/span><\/label><div class='ginput_container ginput_container_select'><select name='input_8' id='input_289_8' class='large gfield_select'   aria-required=\"true\" aria-invalid=\"false\"><option value='' selected='selected' class='gf_placeholder'>Vui l\u00f2ng ch\u1ecdn b\u1ea3n ch\u1ea5t c\u1ee7a m\u1ed1i quan t\u00e2m c\u1ee7a b\u1ea1n<\/option><option value='C\u00e1c ho\u1ea1t \u0111\u1ed9ng t\u1ed9i ph\u1ea1m ho\u1eb7c b\u1ea5t h\u1ee3p ph\u00e1p ti\u1ec1m n\u0103ng \u0111ang di\u1ec5n ra' >C\u00e1c ho\u1ea1t \u0111\u1ed9ng t\u1ed9i ph\u1ea1m ho\u1eb7c b\u1ea5t h\u1ee3p ph\u00e1p ti\u1ec1m n\u0103ng \u0111ang di\u1ec5n ra<\/option><option value='R\u1ee7i ro nghi\u00eam tr\u1ecdng \u0111\u1ed1i v\u1edbi s\u1ee9c kh\u1ecfe v\u00e0 an to\u00e0n' >R\u1ee7i ro nghi\u00eam tr\u1ecdng \u0111\u1ed1i v\u1edbi s\u1ee9c kh\u1ecfe v\u00e0 an to\u00e0n<\/option><option value='R\u1ee7i ro nghi\u00eam tr\u1ecdng g\u00e2y h\u1ea1i cho m\u00f4i tr\u01b0\u1eddng' >R\u1ee7i ro nghi\u00eam tr\u1ecdng g\u00e2y h\u1ea1i cho m\u00f4i tr\u01b0\u1eddng<\/option><option value='R\u1ee7i ro nghi\u00eam tr\u1ecdng \u0111\u1ed1i v\u1edbi an to\u00e0n v\u00e0 ch\u1ea5t l\u01b0\u1ee3ng s\u1ea3n ph\u1ea9m' >R\u1ee7i ro nghi\u00eam tr\u1ecdng \u0111\u1ed1i v\u1edbi an to\u00e0n v\u00e0 ch\u1ea5t l\u01b0\u1ee3ng s\u1ea3n ph\u1ea9m<\/option><option value='Vi ph\u1ea1m ti\u1ec1m n\u0103ng v\u1ec1 nh\u00e2n quy\u1ec1n' >Vi ph\u1ea1m ti\u1ec1m n\u0103ng v\u1ec1 nh\u00e2n quy\u1ec1n<\/option><option value='Qu\u1ea5y r\u1ed1i' >Qu\u1ea5y r\u1ed1i<\/option><option value='Kh\u00e1c (vui l\u00f2ng n\u00eau chi ti\u1ebft)' >Kh\u00e1c (vui l\u00f2ng n\u00eau chi ti\u1ebft)<\/option><\/select><\/div><\/li><li id='field_289_9'  class='gfield gfield_contains_required field_sublabel_below field_description_below gfield_visibility_visible' ><label class='gfield_label' for='input_289_9' >Chi ti\u1ebft<span class='gfield_required'>*<\/span><\/label><div class='ginput_container ginput_container_textarea'><textarea name='input_9' id='input_289_9' class='textarea large'     aria-required=\"true\" aria-invalid=\"false\"   rows='10' cols='50'><\/textarea><\/div><\/li><li id='field_289_10'  class='gfield gsection field_sublabel_below field_description_below gfield_visibility_visible' ><h2 class='gsection_title'><\/h2><\/li><li id='field_289_16'  class='gfield gfield_contains_required field_sublabel_below field_description_below gfield_visibility_visible' ><label class='gfield_label' for='input_289_16' >M\u00f4 t\u1ea3 khi\u1ebfu n\u1ea1i c\u1ee7a b\u1ea1n. Vui l\u00f2ng cung c\u1ea5p t\u1ea5t c\u1ea3 th\u00f4ng tin c\u01a1 b\u1ea3n c\u00f3 li\u00ean quan \u0111\u1ebfn m\u1ed1i quan t\u00e2m c\u1ee7a b\u1ea1n bao g\u1ed3m c\u00e1c ng\u00e0y quan tr\u1ecdng v\u00e0 nh\u00e2n ch\u1ee9ng<span class='gfield_required'>*<\/span><\/label><div class='ginput_container ginput_container_textarea'><textarea name='input_16' id='input_289_16' class='textarea medium'     aria-required=\"true\" aria-invalid=\"false\"   rows='10' cols='50'><\/textarea><\/div><\/li><li id='field_289_17'  class='gfield vi-select-sec field_sublabel_below field_description_below gfield_visibility_visible' ><label class='gfield_label'  >Vui l\u00f2ng t\u1ea3i l\u00ean b\u1eb1ng ch\u1ee9ng, t\u00e0i li\u1ec7u, \u1ea3nh, video, v.v. t\u1ea1i \u0111\u00e2y.<\/label><div class='ginput_container ginput_container_fileupload'><div id='gform_multifile_upload_289_17' data-settings='{&quot;runtimes&quot;:&quot;html5,flash,html4&quot;,&quot;browse_button&quot;:&quot;gform_browse_button_289_17&quot;,&quot;container&quot;:&quot;gform_multifile_upload_289_17&quot;,&quot;drop_element&quot;:&quot;gform_drag_drop_area_289_17&quot;,&quot;filelist&quot;:&quot;gform_preview_289_17&quot;,&quot;unique_names&quot;:true,&quot;file_data_name&quot;:&quot;file&quot;,&quot;url&quot;:&quot;https:\\\/\\\/www.sjpack.com\\\/?gf_page=27595fe8305822a&quot;,&quot;flash_swf_url&quot;:&quot;https:\\\/\\\/www.sjpack.com\\\/wp-includes\\\/js\\\/plupload\\\/plupload.flash.swf&quot;,&quot;silverlight_xap_url&quot;:&quot;https:\\\/\\\/www.sjpack.com\\\/wp-includes\\\/js\\\/plupload\\\/plupload.silverlight.xap&quot;,&quot;filters&quot;:{&quot;mime_types&quot;:[{&quot;title&quot;:&quot;Allowed Files&quot;,&quot;extensions&quot;:&quot;*&quot;}],&quot;max_file_size&quot;:&quot;134217728b&quot;},&quot;multipart&quot;:true,&quot;urlstream_upload&quot;:false,&quot;multipart_params&quot;:{&quot;form_id&quot;:289,&quot;field_id&quot;:17},&quot;gf_vars&quot;:{&quot;max_files&quot;:0,&quot;message_id&quot;:&quot;gform_multifile_messages_289_17&quot;,&quot;disallowed_extensions&quot;:[&quot;php&quot;,&quot;asp&quot;,&quot;aspx&quot;,&quot;cmd&quot;,&quot;csh&quot;,&quot;bat&quot;,&quot;html&quot;,&quot;htm&quot;,&quot;hta&quot;,&quot;jar&quot;,&quot;exe&quot;,&quot;com&quot;,&quot;js&quot;,&quot;lnk&quot;,&quot;htaccess&quot;,&quot;phtml&quot;,&quot;ps1&quot;,&quot;ps2&quot;,&quot;php3&quot;,&quot;php4&quot;,&quot;php5&quot;,&quot;php6&quot;,&quot;py&quot;,&quot;rb&quot;,&quot;tmp&quot;]}}' class='gform_fileupload_multifile'>\n\t\t\t\t\t\t\t\t\t\t<div id='gform_drag_drop_area_289_17' class='gform_drop_area'>\n\t\t\t\t\t\t\t\t\t\t\t<span class='gform_drop_instructions'>Drop files here or <\/span>\n\t\t\t\t\t\t\t\t\t\t\t<input id='gform_browse_button_289_17' type='button' value='Select files' class='button gform_button_select_files' aria-describedby='extensions_message_289_17'  \/>\n\t\t\t\t\t\t\t\t\t\t<\/div>\n\t\t\t\t\t\t\t\t\t<\/div><span id='extensions_message_289_17' class='screen-reader-text'><\/span><div class='validation_message'>\n\t\t\t\t\t\t\t\t<ul id='gform_multifile_messages_289_17'>\n\t\t\t\t\t\t\t\t<\/ul>\n\t\t\t\t\t\t\t<\/div><\/div><div id='gform_preview_289_17'><\/div><\/li><li id='field_289_12'  class='gfield gsection field_sublabel_below field_description_below gfield_visibility_visible' ><h2 class='gsection_title'><\/h2><\/li><li id='field_289_13'  class='gfield gfield_contains_required field_sublabel_below field_description_below gfield_visibility_visible' ><label class='gfield_label' for='input_289_13' >B\u1ea1n \u0111\u00e3 b\u00e1o c\u00e1o m\u1ed1i quan t\u00e2m cho b\u1ea5t k\u1ef3 ng\u01b0\u1eddi ho\u1eb7c t\u1ed5 ch\u1ee9c n\u00e0o kh\u00e1c ch\u01b0a? N\u1ebfu c\u00f3, vui l\u00f2ng cung c\u1ea5p chi ti\u1ebft v\u1ec1 ai, khi n\u00e0o v\u00e0 ph\u1ea3n h\u1ed3i l\u00e0 g\u00ec.<span class='gfield_required'>*<\/span><\/label><div class='ginput_container ginput_container_textarea'><textarea name='input_13' id='input_289_13' class='textarea large'     aria-required=\"true\" aria-invalid=\"false\"   rows='10' cols='50'><\/textarea><\/div><\/li><li id='field_289_15'  class='gfield cap-sec field_sublabel_below field_description_below hidden_label gfield_visibility_visible' ><label class='gfield_label' for='input_289_15' >CAPTCHA<\/label><div id='input_289_15' class='ginput_container ginput_recaptcha' data-sitekey='6LexdRIrAAAAAMxvqfOzdqs08YgpWa7NUMd3sJJS'  data-theme='light' data-tabindex='-1' data-size='invisible' data-badge='bottomright'><\/div><\/li>\n                            <\/ul><\/div>\n        <div class='gform_footer top_label'> <input type='submit' id='gform_submit_button_289' class='gform_button button' value='G\u1eedi'  onclick='if(window[\"gf_submitting_289\"]){return false;}  if( !jQuery(\"#gform_289\")[0].checkValidity || jQuery(\"#gform_289\")[0].checkValidity()){window[\"gf_submitting_289\"]=true;}  ' onkeypress='if( event.keyCode == 13 ){ if(window[\"gf_submitting_289\"]){return false;} if( !jQuery(\"#gform_289\")[0].checkValidity || jQuery(\"#gform_289\")[0].checkValidity()){window[\"gf_submitting_289\"]=true;}  jQuery(\"#gform_289\").trigger(\"submit\",[true]); }' \/> <input type='hidden' name='gform_ajax' value='form_id=289&amp;title=&amp;description=&amp;tabindex=0' \/>\n            <input type='hidden' class='gform_hidden' name='is_submit_289' value='1' \/>\n            <input type='hidden' class='gform_hidden' name='gform_submit' value='289' \/>\n            \n            <input type='hidden' class='gform_hidden' name='gform_unique_id' value='' \/>\n            <input type='hidden' class='gform_hidden' name='state_289' value='WyJbXSIsIjNmODUyZTMzMmE4OTJmMTk0NjU4ZjUzZmRlNDFmZWY2Il0=' \/>\n            <input type='hidden' class='gform_hidden' name='gform_target_page_number_289' id='gform_target_page_number_289' value='0' \/>\n            <input type='hidden' class='gform_hidden' name='gform_source_page_number_289' id='gform_source_page_number_289' value='1' \/>\n            <input type='hidden' name='gform_field_values' value='' \/>\n            <input type='hidden' name='gform_uploaded_files' id='gform_uploaded_files_289' value='' \/>\n        <\/div>\n                        <\/form>\n                        <\/div>\n                <iframe style='display:none;width:0px;height:0px;' src='about:blank' name='gform_ajax_frame_289' id='gform_ajax_frame_289' title='This iframe contains the logic required to handle Ajax powered Gravity Forms.'><\/iframe>\n                <script type='text\/javascript'>jQuery(document).ready(function($){gformInitSpinner( 289, 'https:\/\/www.sjpack.com\/wp-content\/plugins\/gravityforms\/images\/spinner.gif' );jQuery('#gform_ajax_frame_289').on('load',function(){var contents = jQuery(this).contents().find('*').html();var is_postback = contents.indexOf('GF_AJAX_POSTBACK') >= 0;if(!is_postback){return;}var form_content = jQuery(this).contents().find('#gform_wrapper_289');var is_confirmation = jQuery(this).contents().find('#gform_confirmation_wrapper_289').length > 0;var is_redirect = contents.indexOf('gformRedirect(){') >= 0;var is_form = form_content.length > 0 && ! is_redirect && ! is_confirmation;var mt = parseInt(jQuery('html').css('margin-top'), 10) + parseInt(jQuery('body').css('margin-top'), 10) + 100;if(is_form){jQuery('#gform_wrapper_289').html(form_content.html());if(form_content.hasClass('gform_validation_error')){jQuery('#gform_wrapper_289').addClass('gform_validation_error');} else {jQuery('#gform_wrapper_289').removeClass('gform_validation_error');}setTimeout( function() { \/* delay the scroll by 50 milliseconds to fix a bug in chrome *\/ jQuery(document).scrollTop(jQuery('#gform_wrapper_289').offset().top - mt); }, 50 );if(window['gformInitDatepicker']) {gformInitDatepicker();}if(window['gformInitPriceFields']) {gformInitPriceFields();}var current_page = jQuery('#gform_source_page_number_289').val();gformInitSpinner( 289, 'https:\/\/www.sjpack.com\/wp-content\/plugins\/gravityforms\/images\/spinner.gif' );jQuery(document).trigger('gform_page_loaded', [289, current_page]);window['gf_submitting_289'] = false;}else if(!is_redirect){var confirmation_content = jQuery(this).contents().find('.GF_AJAX_POSTBACK').html();if(!confirmation_content){confirmation_content = contents;}setTimeout(function(){jQuery('#gform_wrapper_289').replaceWith(confirmation_content);jQuery(document).scrollTop(jQuery('#gf_289').offset().top - mt);jQuery(document).trigger('gform_confirmation_loaded', [289]);window['gf_submitting_289'] = false;}, 50);}else{jQuery('#gform_289').append(contents);if(window['gformRedirect']) {gformRedirect();}}jQuery(document).trigger('gform_post_render', [289, current_page]);} );} );<\/script><script type='text\/javascript'> jQuery(document).bind('gform_post_render', function(event, formId, currentPage){if(formId == 289) {gf_global[\"number_formats\"][289] = {\"1\":{\"price\":false,\"value\":false},\"2\":{\"price\":false,\"value\":false},\"3\":{\"price\":false,\"value\":false},\"4\":{\"price\":false,\"value\":false},\"5\":{\"price\":false,\"value\":false},\"6\":{\"price\":false,\"value\":false},\"18\":{\"price\":false,\"value\":false},\"19\":{\"price\":false,\"value\":false},\"8\":{\"price\":false,\"value\":false},\"9\":{\"price\":false,\"value\":false},\"10\":{\"price\":false,\"value\":false},\"16\":{\"price\":false,\"value\":false},\"17\":{\"price\":false,\"value\":false},\"12\":{\"price\":false,\"value\":false},\"13\":{\"price\":false,\"value\":false},\"15\":{\"price\":false,\"value\":false}};if(window['jQuery']){if(!window['gf_form_conditional_logic'])window['gf_form_conditional_logic'] = new Array();window['gf_form_conditional_logic'][289] = { logic: { 19: {\"field\":{\"actionType\":\"show\",\"logicType\":\"all\",\"rules\":[{\"fieldId\":\"8\",\"operator\":\"is\",\"value\":\"Kh\\u00e1c (vui l\\u00f2ng n\\u00eau chi ti\\u1ebft)\"}]},\"nextButton\":null,\"section\":\"\"},9: {\"field\":{\"actionType\":\"show\",\"logicType\":\"all\",\"rules\":[{\"fieldId\":\"8\",\"operator\":\"is\",\"value\":\"Kh\\u00e1c (vui l\\u00f2ng n\\u00eau chi ti\\u1ebft)\"}]},\"nextButton\":null,\"section\":\"\"} }, dependents: { 19: [19],9: [9] }, animation: 0, defaults: {\"1\":[\"choice_289_1_1\"]}, fields: {\"1\":[],\"2\":[],\"3\":[],\"4\":[],\"5\":[],\"6\":[],\"18\":[],\"19\":[],\"8\":[19,9],\"9\":[],\"10\":[],\"16\":[],\"17\":[],\"12\":[],\"13\":[],\"15\":[]} }; if(!window['gf_number_format'])window['gf_number_format'] = 'decimal_dot';jQuery(document).ready(function(){gf_apply_rules(289, [19,9], true);jQuery('#gform_wrapper_289').show();jQuery(document).trigger('gform_post_conditional_logic', [289, null, true]);} );} if(typeof Placeholders != 'undefined'){\n                        Placeholders.enable();\n                    }} } );jQuery(document).bind('gform_post_conditional_logic', function(event, formId, fields, isInit){} );<\/script><script type='text\/javascript'> jQuery(document).ready(function(){jQuery(document).trigger('gform_post_render', [289, 1]) } ); <\/script><\/div>\n","protected":false},"excerpt":{"rendered":"<p>Bi\u1ec3u m\u1eabu ti\u1ebfp nh\u1eadn khi\u1ebfu n\u1ea1i Bi\u1ec3u m\u1eabu n\u00e0y s\u1ebd cung c\u1ea5p cho nh\u00e2n vi\u00ean, \u0111\u1ed1i t\u00e1c kinh doanh v\u00e0 nh\u1eefng ng\u01b0\u1eddi kh\u00e1c c\u00e1ch b\u00e1o c\u00e1o b\u1ea5t k\u1ef3 h\u00e0nh vi vi ph\u1ea1m n\u00e0o \u0111\u1ed1i v\u1edbi quy t\u1eafc \u1ee9ng x\u1eed, ch\u00ednh s\u00e1ch ho\u1eb7c lu\u1eadt hi\u1ec7n h\u00e0nh c\u1ee7a ch\u00fang t\u00f4i. V\u00ed d\u1ee5, \u0111i\u1ec1u n\u00e0y c\u00f3 th\u1ec3 bao [&hellip;]<\/p>\n","protected":false},"author":5,"featured_media":0,"parent":0,"menu_order":0,"comment_status":"closed","ping_status":"closed","template":"","meta":[],"yoast_head":"<!-- This site is optimized with the Yoast SEO plugin v15.2.1 - https:\/\/yoast.com\/wordpress\/plugins\/seo\/ -->\n<meta name=\"robots\" content=\"noindex, nofollow\" \/>\n<meta property=\"og:locale\" content=\"vi_VN\" \/>\n<meta property=\"og:type\" content=\"article\" \/>\n<meta property=\"og:title\" content=\"Speak Up Intake Form - VI - St. Johns Packaging\" \/>\n<meta property=\"og:description\" content=\"Bi\u1ec3u m\u1eabu ti\u1ebfp nh\u1eadn khi\u1ebfu n\u1ea1i Bi\u1ec3u m\u1eabu n\u00e0y s\u1ebd cung c\u1ea5p cho nh\u00e2n vi\u00ean, \u0111\u1ed1i t\u00e1c kinh doanh v\u00e0 nh\u1eefng ng\u01b0\u1eddi kh\u00e1c c\u00e1ch b\u00e1o c\u00e1o b\u1ea5t k\u1ef3 h\u00e0nh vi vi ph\u1ea1m n\u00e0o \u0111\u1ed1i v\u1edbi quy t\u1eafc \u1ee9ng x\u1eed, ch\u00ednh s\u00e1ch ho\u1eb7c lu\u1eadt hi\u1ec7n h\u00e0nh c\u1ee7a ch\u00fang t\u00f4i. V\u00ed d\u1ee5, \u0111i\u1ec1u n\u00e0y c\u00f3 th\u1ec3 bao [&hellip;]\" \/>\n<meta property=\"og:url\" content=\"https:\/\/www.sjpack.com\/vi\/speak-up-intake-form\/\" \/>\n<meta property=\"og:site_name\" content=\"St. Johns Packaging\" \/>\n<meta property=\"article:modified_time\" content=\"2025-06-09T08:55:33+00:00\" \/>\n<meta property=\"og:image\" content=\"https:\/\/www.sjpack.com\/wp-content\/uploads\/2018\/06\/share.png\" \/>\n\t<meta property=\"og:image:width\" content=\"1200\" \/>\n\t<meta property=\"og:image:height\" content=\"630\" \/>\n<meta property=\"fb:app_id\" content=\"611750349471594\" \/>\n<meta name=\"twitter:label1\" content=\"Written by\">\n\t<meta name=\"twitter:data1\" content=\"Genevieve Remillard\">\n\t<meta name=\"twitter:label2\" content=\"Est. reading time\">\n\t<meta name=\"twitter:data2\" content=\"1 minute\">\n<script type=\"application\/ld+json\" class=\"yoast-schema-graph\">{\"@context\":\"https:\/\/schema.org\",\"@graph\":[{\"@type\":\"WebSite\",\"@id\":\"https:\/\/www.sjpack.com\/#website\",\"url\":\"https:\/\/www.sjpack.com\/\",\"name\":\"St. Johns Packaging\",\"description\":\"\",\"potentialAction\":[{\"@type\":\"SearchAction\",\"target\":\"https:\/\/www.sjpack.com\/?s={search_term_string}\",\"query-input\":\"required name=search_term_string\"}],\"inLanguage\":\"vi-VN\"},{\"@type\":\"WebPage\",\"@id\":\"https:\/\/www.sjpack.com\/vi\/speak-up-intake-form\/#webpage\",\"url\":\"https:\/\/www.sjpack.com\/vi\/speak-up-intake-form\/\",\"name\":\"Speak Up Intake Form - VI - St. Johns Packaging\",\"isPartOf\":{\"@id\":\"https:\/\/www.sjpack.com\/#website\"},\"datePublished\":\"2025-04-21T07:24:19+00:00\",\"dateModified\":\"2025-06-09T08:55:33+00:00\",\"inLanguage\":\"vi-VN\",\"potentialAction\":[{\"@type\":\"ReadAction\",\"target\":[\"https:\/\/www.sjpack.com\/vi\/speak-up-intake-form\/\"]}]}]}<\/script>\n<!-- \/ Yoast SEO plugin. -->","_links":{"self":[{"href":"https:\/\/www.sjpack.com\/vi\/wp-json\/wp\/v2\/pages\/6511\/"}],"collection":[{"href":"https:\/\/www.sjpack.com\/vi\/wp-json\/wp\/v2\/pages\/"}],"about":[{"href":"https:\/\/www.sjpack.com\/vi\/wp-json\/wp\/v2\/types\/page\/"}],"author":[{"embeddable":true,"href":"https:\/\/www.sjpack.com\/vi\/wp-json\/wp\/v2\/users\/5\/"}],"replies":[{"embeddable":true,"href":"https:\/\/www.sjpack.com\/vi\/wp-json\/wp\/v2\/comments\/?post=6511"}],"version-history":[{"count":3,"href":"https:\/\/www.sjpack.com\/vi\/wp-json\/wp\/v2\/pages\/6511\/revisions\/"}],"predecessor-version":[{"id":6555,"href":"https:\/\/www.sjpack.com\/vi\/wp-json\/wp\/v2\/pages\/6511\/revisions\/6555\/"}],"wp:attachment":[{"href":"https:\/\/www.sjpack.com\/vi\/wp-json\/wp\/v2\/media\/?parent=6511"}],"curies":[{"name":"wp","href":"https:\/\/api.w.org\/{rel}","templated":true}]}}