{"id":6139,"date":"2024-07-18T02:48:46","date_gmt":"2024-07-18T06:48:46","guid":{"rendered":"https:\/\/www.sjpack.com\/?page_id=6139"},"modified":"2024-07-31T14:00:44","modified_gmt":"2024-07-31T18:00:44","slug":"pcr-bag-2","status":"publish","type":"page","link":"https:\/\/www.sjpack.com\/vi\/pcr-bag-2\/","title":{"rendered":"H\u00c0M L\u01af\u1ee2NG \u0110\u01af\u1ee2C T\u00c1I CH\u1ebe"},"content":{"rendered":"<h3 style=\"text-align: center;\">H\u00e3y tin t\u01b0\u1edfng s\u1eed d\u1ee5ng bao b\u00ec c\u1ee7a ch\u00fang t\u00f4i \u0111\u1ec3 \u0111\u00f3ng g\u00f3i, b\u1ea3o v\u1ec7, b\u1ea3o qu\u1ea3n v\u00e0 qu\u1ea3ng b\u00e1 s\u1ea3n ph\u1ea9m c\u1ee7a b\u1ea1n<\/h3>\n","protected":false},"excerpt":{"rendered":"<p>H\u00e3y tin t\u01b0\u1edfng s\u1eed d\u1ee5ng bao b\u00ec c\u1ee7a ch\u00fang t\u00f4i \u0111\u1ec3 \u0111\u00f3ng g\u00f3i, b\u1ea3o v\u1ec7, b\u1ea3o qu\u1ea3n v\u00e0 qu\u1ea3ng b\u00e1 s\u1ea3n ph\u1ea9m c\u1ee7a b\u1ea1n<\/p>\n","protected":false},"author":5,"featured_media":0,"parent":0,"menu_order":0,"comment_status":"closed","ping_status":"closed","template":"templates\/tpl_durable.php","meta":[],"yoast_head":"<!-- This site is optimized with the Yoast SEO plugin v15.2.1 - https:\/\/yoast.com\/wordpress\/plugins\/seo\/ -->\n<meta name=\"robots\" content=\"noindex, nofollow\" \/>\n<meta property=\"og:locale\" content=\"vi_VN\" \/>\n<meta property=\"og:type\" content=\"article\" \/>\n<meta property=\"og:title\" content=\"H\u00c0M L\u01af\u1ee2NG \u0110\u01af\u1ee2C T\u00c1I CH\u1ebe - St. Johns Packaging\" \/>\n<meta property=\"og:description\" content=\"H\u00e3y tin t\u01b0\u1edfng s\u1eed d\u1ee5ng bao b\u00ec c\u1ee7a ch\u00fang t\u00f4i \u0111\u1ec3 \u0111\u00f3ng g\u00f3i, b\u1ea3o v\u1ec7, b\u1ea3o qu\u1ea3n v\u00e0 qu\u1ea3ng b\u00e1 s\u1ea3n ph\u1ea9m c\u1ee7a b\u1ea1n\" \/>\n<meta property=\"og:url\" content=\"https:\/\/www.sjpack.com\/vi\/pcr-bag-2\/\" \/>\n<meta property=\"og:site_name\" content=\"St. Johns Packaging\" \/>\n<meta property=\"article:modified_time\" content=\"2024-07-31T18:00:44+00:00\" \/>\n<meta property=\"og:image\" content=\"https:\/\/www.sjpack.com\/wp-content\/uploads\/2018\/06\/share.png\" \/>\n\t<meta property=\"og:image:width\" content=\"1200\" \/>\n\t<meta property=\"og:image:height\" content=\"630\" \/>\n<meta property=\"fb:app_id\" content=\"611750349471594\" \/>\n<meta name=\"twitter:label1\" content=\"Written by\">\n\t<meta name=\"twitter:data1\" content=\"Genevieve Remillard\">\n\t<meta name=\"twitter:label2\" content=\"Est. reading time\">\n\t<meta name=\"twitter:data2\" content=\"0 minutes\">\n<script type=\"application\/ld+json\" class=\"yoast-schema-graph\">{\"@context\":\"https:\/\/schema.org\",\"@graph\":[{\"@type\":\"WebSite\",\"@id\":\"https:\/\/www.sjpack.com\/#website\",\"url\":\"https:\/\/www.sjpack.com\/\",\"name\":\"St. Johns Packaging\",\"description\":\"\",\"potentialAction\":[{\"@type\":\"SearchAction\",\"target\":\"https:\/\/www.sjpack.com\/?s={search_term_string}\",\"query-input\":\"required name=search_term_string\"}],\"inLanguage\":\"vi-VN\"},{\"@type\":\"WebPage\",\"@id\":\"https:\/\/www.sjpack.com\/vi\/pcr-bag-2\/#webpage\",\"url\":\"https:\/\/www.sjpack.com\/vi\/pcr-bag-2\/\",\"name\":\"H\\u00c0M L\\u01af\\u1ee2NG \\u0110\\u01af\\u1ee2C T\\u00c1I CH\\u1ebe - St. Johns Packaging\",\"isPartOf\":{\"@id\":\"https:\/\/www.sjpack.com\/#website\"},\"datePublished\":\"2024-07-18T06:48:46+00:00\",\"dateModified\":\"2024-07-31T18:00:44+00:00\",\"inLanguage\":\"vi-VN\",\"potentialAction\":[{\"@type\":\"ReadAction\",\"target\":[\"https:\/\/www.sjpack.com\/vi\/pcr-bag-2\/\"]}]}]}<\/script>\n<!-- \/ Yoast SEO plugin. -->","_links":{"self":[{"href":"https:\/\/www.sjpack.com\/vi\/wp-json\/wp\/v2\/pages\/6139\/"}],"collection":[{"href":"https:\/\/www.sjpack.com\/vi\/wp-json\/wp\/v2\/pages\/"}],"about":[{"href":"https:\/\/www.sjpack.com\/vi\/wp-json\/wp\/v2\/types\/page\/"}],"author":[{"embeddable":true,"href":"https:\/\/www.sjpack.com\/vi\/wp-json\/wp\/v2\/users\/5\/"}],"replies":[{"embeddable":true,"href":"https:\/\/www.sjpack.com\/vi\/wp-json\/wp\/v2\/comments\/?post=6139"}],"version-history":[{"count":3,"href":"https:\/\/www.sjpack.com\/vi\/wp-json\/wp\/v2\/pages\/6139\/revisions\/"}],"predecessor-version":[{"id":6349,"href":"https:\/\/www.sjpack.com\/vi\/wp-json\/wp\/v2\/pages\/6139\/revisions\/6349\/"}],"wp:attachment":[{"href":"https:\/\/www.sjpack.com\/vi\/wp-json\/wp\/v2\/media\/?parent=6139"}],"curies":[{"name":"wp","href":"https:\/\/api.w.org\/{rel}","templated":true}]}}