{"id":4905,"date":"2021-03-10T04:33:05","date_gmt":"2021-03-10T09:33:05","guid":{"rendered":"https:\/\/www.sjpack.com\/?page_id=4905"},"modified":"2021-03-17T01:55:30","modified_gmt":"2021-03-17T05:55:30","slug":"corporate-social-responsibility","status":"publish","type":"page","link":"https:\/\/www.sjpack.com\/vi\/corporate-social-responsibility\/","title":{"rendered":"TR\u00c1CH NHI\u1ec6M X\u00c3 H\u1ed8I C\u1ee6A DOANH NGHI\u1ec6P"},"content":{"rendered":"<h3><b>C\u00f9ng nhau, v\u00ec m\u1ed9t t\u01b0\u01a1ng lai t\u1ed1t \u0111\u1eb9p h\u01a1n!<\/b><\/h3>\n<p>Nh\u00e2n vi\u00ean c\u1ee7a ch\u00fang t\u00f4i l\u00e0 t\u00e0i s\u1ea3n qu\u00fd gi\u00e1 nh\u1ea5t. Ch\u00fang t\u00f4i l\u00e0m vi\u1ec7c ch\u0103m ch\u1ec9 \u0111\u1ec3 ph\u00e1t tri\u1ec3n c\u00e1c ch\u01b0\u01a1ng tr\u00ecnh nh\u1eb1m c\u1ea3i thi\u1ec7n s\u1ee9c kh\u1ecfe v\u00e0 h\u1ea1nh ph\u00fac c\u1ee7a h\u1ecd, th\u00fac \u0111\u1ea9y s\u1ef1 \u0111a d\u1ea1ng v\u00e0 h\u00f2a nh\u1eadp, \u0111\u1ed3ng th\u1eddi thi\u1ebft l\u1eadp v\u0103n h\u00f3a trao quy\u1ec1n cho t\u1ea5t c\u1ea3 c\u00e1c c\u1ea5p trong t\u1ed5 ch\u1ee9c. Ch\u00fang t\u00f4i cam k\u1ebft \u0111\u00f3ng g\u00f3p cho c\u1ed9ng \u0111\u1ed3ng \u0111\u1ecba ph\u01b0\u01a1ng v\u00e0 th\u00fac \u0111\u1ea9y s\u1ef1 tham gia cho c\u1ed9ng \u0111\u1ed3ng.\u00a0<\/p>\n","protected":false},"excerpt":{"rendered":"<p>C\u00f9ng nhau, v\u00ec m\u1ed9t t\u01b0\u01a1ng lai t\u1ed1t \u0111\u1eb9p h\u01a1n! Nh\u00e2n vi\u00ean c\u1ee7a ch\u00fang t\u00f4i l\u00e0 t\u00e0i s\u1ea3n qu\u00fd gi\u00e1 nh\u1ea5t. Ch\u00fang t\u00f4i l\u00e0m vi\u1ec7c ch\u0103m ch\u1ec9 \u0111\u1ec3 ph\u00e1t tri\u1ec3n c\u00e1c ch\u01b0\u01a1ng tr\u00ecnh nh\u1eb1m c\u1ea3i thi\u1ec7n s\u1ee9c kh\u1ecfe v\u00e0 h\u1ea1nh ph\u00fac c\u1ee7a h\u1ecd, th\u00fac \u0111\u1ea9y s\u1ef1 \u0111a d\u1ea1ng v\u00e0 h\u00f2a nh\u1eadp, \u0111\u1ed3ng th\u1eddi thi\u1ebft l\u1eadp v\u0103n [&hellip;]<\/p>\n","protected":false},"author":5,"featured_media":0,"parent":0,"menu_order":14,"comment_status":"closed","ping_status":"closed","template":"templates\/tpl_durable.php","meta":[],"yoast_head":"<!-- This site is optimized with the Yoast SEO plugin v15.2.1 - https:\/\/yoast.com\/wordpress\/plugins\/seo\/ -->\n<meta name=\"robots\" content=\"index, follow, max-snippet:-1, max-image-preview:large, max-video-preview:-1\" \/>\n<link rel=\"canonical\" href=\"https:\/\/www.sjpack.com\/vi\/corporate-social-responsibility\/\" \/>\n<meta property=\"og:locale\" content=\"vi_VN\" \/>\n<meta property=\"og:type\" content=\"article\" \/>\n<meta property=\"og:title\" content=\"TR\u00c1CH NHI\u1ec6M X\u00c3 H\u1ed8I C\u1ee6A DOANH NGHI\u1ec6P - St. Johns Packaging\" \/>\n<meta property=\"og:description\" content=\"C\u00f9ng nhau, v\u00ec m\u1ed9t t\u01b0\u01a1ng lai t\u1ed1t \u0111\u1eb9p h\u01a1n! Nh\u00e2n vi\u00ean c\u1ee7a ch\u00fang t\u00f4i l\u00e0 t\u00e0i s\u1ea3n qu\u00fd gi\u00e1 nh\u1ea5t. Ch\u00fang t\u00f4i l\u00e0m vi\u1ec7c ch\u0103m ch\u1ec9 \u0111\u1ec3 ph\u00e1t tri\u1ec3n c\u00e1c ch\u01b0\u01a1ng tr\u00ecnh nh\u1eb1m c\u1ea3i thi\u1ec7n s\u1ee9c kh\u1ecfe v\u00e0 h\u1ea1nh ph\u00fac c\u1ee7a h\u1ecd, th\u00fac \u0111\u1ea9y s\u1ef1 \u0111a d\u1ea1ng v\u00e0 h\u00f2a nh\u1eadp, \u0111\u1ed3ng th\u1eddi thi\u1ebft l\u1eadp v\u0103n [&hellip;]\" \/>\n<meta property=\"og:url\" content=\"https:\/\/www.sjpack.com\/vi\/corporate-social-responsibility\/\" \/>\n<meta property=\"og:site_name\" content=\"St. Johns Packaging\" \/>\n<meta property=\"article:modified_time\" content=\"2021-03-17T05:55:30+00:00\" \/>\n<meta property=\"og:image\" content=\"https:\/\/www.sjpack.com\/wp-content\/uploads\/2018\/06\/share.png\" \/>\n\t<meta property=\"og:image:width\" content=\"1200\" \/>\n\t<meta property=\"og:image:height\" content=\"630\" \/>\n<meta property=\"fb:app_id\" content=\"611750349471594\" \/>\n<meta name=\"twitter:label1\" content=\"Written by\">\n\t<meta name=\"twitter:data1\" content=\"Genevieve Remillard\">\n\t<meta name=\"twitter:label2\" content=\"Est. reading time\">\n\t<meta name=\"twitter:data2\" content=\"1 minute\">\n<script type=\"application\/ld+json\" class=\"yoast-schema-graph\">{\"@context\":\"https:\/\/schema.org\",\"@graph\":[{\"@type\":\"WebSite\",\"@id\":\"https:\/\/www.sjpack.com\/#website\",\"url\":\"https:\/\/www.sjpack.com\/\",\"name\":\"St. Johns Packaging\",\"description\":\"\",\"potentialAction\":[{\"@type\":\"SearchAction\",\"target\":\"https:\/\/www.sjpack.com\/?s={search_term_string}\",\"query-input\":\"required name=search_term_string\"}],\"inLanguage\":\"vi-VN\"},{\"@type\":\"WebPage\",\"@id\":\"https:\/\/www.sjpack.com\/vi\/corporate-social-responsibility\/#webpage\",\"url\":\"https:\/\/www.sjpack.com\/vi\/corporate-social-responsibility\/\",\"name\":\"TR\\u00c1CH NHI\\u1ec6M X\\u00c3 H\\u1ed8I C\\u1ee6A DOANH NGHI\\u1ec6P - St. Johns Packaging\",\"isPartOf\":{\"@id\":\"https:\/\/www.sjpack.com\/#website\"},\"datePublished\":\"2021-03-10T09:33:05+00:00\",\"dateModified\":\"2021-03-17T05:55:30+00:00\",\"inLanguage\":\"vi-VN\",\"potentialAction\":[{\"@type\":\"ReadAction\",\"target\":[\"https:\/\/www.sjpack.com\/vi\/corporate-social-responsibility\/\"]}]}]}<\/script>\n<!-- \/ Yoast SEO plugin. -->","_links":{"self":[{"href":"https:\/\/www.sjpack.com\/vi\/wp-json\/wp\/v2\/pages\/4905\/"}],"collection":[{"href":"https:\/\/www.sjpack.com\/vi\/wp-json\/wp\/v2\/pages\/"}],"about":[{"href":"https:\/\/www.sjpack.com\/vi\/wp-json\/wp\/v2\/types\/page\/"}],"author":[{"embeddable":true,"href":"https:\/\/www.sjpack.com\/vi\/wp-json\/wp\/v2\/users\/5\/"}],"replies":[{"embeddable":true,"href":"https:\/\/www.sjpack.com\/vi\/wp-json\/wp\/v2\/comments\/?post=4905"}],"version-history":[{"count":3,"href":"https:\/\/www.sjpack.com\/vi\/wp-json\/wp\/v2\/pages\/4905\/revisions\/"}],"predecessor-version":[{"id":4958,"href":"https:\/\/www.sjpack.com\/vi\/wp-json\/wp\/v2\/pages\/4905\/revisions\/4958\/"}],"wp:attachment":[{"href":"https:\/\/www.sjpack.com\/vi\/wp-json\/wp\/v2\/media\/?parent=4905"}],"curies":[{"name":"wp","href":"https:\/\/api.w.org\/{rel}","templated":true}]}}