{"id":3482,"date":"2018-06-15T16:27:12","date_gmt":"2018-06-15T20:27:12","guid":{"rendered":"https:\/\/www.sjpack.com\/sustainable-packaging\/"},"modified":"2024-02-19T10:08:41","modified_gmt":"2024-02-19T15:08:41","slug":"sustainable-packaging","status":"publish","type":"page","link":"https:\/\/www.sjpack.com\/vi\/sustainable-packaging\/","title":{"rendered":"Bao b\u00ec b\u1ec1n v\u1eefng"},"content":{"rendered":"<h3><strong>T\u00ednh b\u1ec1n v\u1eefng l\u00e0 \u01b0u ti\u00ean h\u00e0ng \u0111\u1ea7u c\u1ee7a St. Johns Packaging<\/strong><\/h3>\n<p>St. Johns Packaging cam k\u1ebft ph\u00e1t tri\u1ec3n c\u00e1c gi\u1ea3i ph\u00e1p bao b\u00ec m\u1ec1m b\u1ec1n v\u1eefng v\u00e0 ti\u1ebft ki\u1ec7m \u0111\u1ec3 gi\u1ea3m ch\u1ea5t th\u1ea3i th\u1ef1c ph\u1ea9m v\u00e0 ch\u1ea5t th\u1ea3i nh\u1ef1a.<\/p>\n<p>Ch\u00fang t\u00f4i c\u1ed1 g\u1eafng gi\u1ea3m thi\u1ec3u t\u00e1c \u0111\u1ed9ng m\u00f4i tr\u01b0\u1eddng v\u00e0 d\u1ea5u ch\u00e2n c\u1ee7a ho\u1ea1t \u0111\u1ed9ng s\u1ea3n xu\u1ea5t c\u1ee7a ch\u00fang t\u00f4i trong khi ti\u1ebfp t\u1ee5c ph\u00e1t tri\u1ec3n c\u00e1c s\u1ea3n ph\u1ea9m bao b\u00ec m\u1ec1m th\u00e2n thi\u1ec7n v\u1edbi m\u00f4i tr\u01b0\u1eddng h\u01a1n.<\/p>\n","protected":false},"excerpt":{"rendered":"<h2><strong>T\u00ednh b\u1ec1n v\u1eefng l\u00e0 \u01b0u ti\u00ean h\u00e0ng \u0111\u1ea7u c\u1ee7a St. Johns Packaging<\/strong><\/h2>\n<p><strong>Ch\u00fang t\u00f4i cam k\u1ebft ph\u00e1t tri\u1ec3n c\u00e1c gi\u1ea3i ph\u00e1p bao b\u00ec m\u1ec1m b\u1ec1n v\u1eefng v\u00e0 ti\u1ebft ki\u1ec7m \u0111\u1ec3 gi\u1ea3m ch\u1ea5t th\u1ea3i nh\u1ef1a v\u00e0 th\u1ef1c ph\u1ea9m d\u01b0 th\u1eeba<\/strong><\/p>\n","protected":false},"author":5,"featured_media":0,"parent":0,"menu_order":15,"comment_status":"closed","ping_status":"closed","template":"templates\/tpl_durable.php","meta":[],"yoast_head":"<!-- This site is optimized with the Yoast SEO plugin v15.2.1 - https:\/\/yoast.com\/wordpress\/plugins\/seo\/ -->\n<meta name=\"description\" content=\"Sustainability is a top priority for St. Johns Packaging. We are committed to developing sustainable and economically viable flexible packaging solutions.\" \/>\n<meta name=\"robots\" content=\"index, follow, max-snippet:-1, max-image-preview:large, max-video-preview:-1\" \/>\n<link rel=\"canonical\" href=\"https:\/\/www.sjpack.com\/vi\/sustainable-packaging\/\" \/>\n<meta property=\"og:locale\" content=\"vi_VN\" \/>\n<meta property=\"og:type\" content=\"article\" \/>\n<meta property=\"og:title\" content=\"Sustainable Packaging - St. Johns Packaging\" \/>\n<meta property=\"og:description\" content=\"Sustainability is a top priority for St. Johns Packaging. We are committed to developing sustainable and economically viable flexible packaging solutions.\" \/>\n<meta property=\"og:url\" content=\"https:\/\/www.sjpack.com\/vi\/sustainable-packaging\/\" \/>\n<meta property=\"og:site_name\" content=\"St. Johns Packaging\" \/>\n<meta property=\"article:modified_time\" content=\"2024-02-19T15:08:41+00:00\" \/>\n<meta property=\"og:image\" content=\"https:\/\/www.sjpack.com\/wp-content\/uploads\/2018\/06\/share.png\" \/>\n\t<meta property=\"og:image:width\" content=\"1200\" \/>\n\t<meta property=\"og:image:height\" content=\"630\" \/>\n<meta property=\"fb:app_id\" content=\"611750349471594\" \/>\n<meta name=\"twitter:label1\" content=\"Written by\">\n\t<meta name=\"twitter:data1\" content=\"Genevieve Remillard\">\n\t<meta name=\"twitter:label2\" content=\"Est. reading time\">\n\t<meta name=\"twitter:data2\" content=\"1 minute\">\n<script type=\"application\/ld+json\" class=\"yoast-schema-graph\">{\"@context\":\"https:\/\/schema.org\",\"@graph\":[{\"@type\":\"WebSite\",\"@id\":\"https:\/\/www.sjpack.com\/#website\",\"url\":\"https:\/\/www.sjpack.com\/\",\"name\":\"St. Johns Packaging\",\"description\":\"\",\"potentialAction\":[{\"@type\":\"SearchAction\",\"target\":\"https:\/\/www.sjpack.com\/?s={search_term_string}\",\"query-input\":\"required name=search_term_string\"}],\"inLanguage\":\"vi-VN\"},{\"@type\":\"WebPage\",\"@id\":\"https:\/\/www.sjpack.com\/vi\/sustainable-packaging\/#webpage\",\"url\":\"https:\/\/www.sjpack.com\/vi\/sustainable-packaging\/\",\"name\":\"Sustainable Packaging - St. Johns Packaging\",\"isPartOf\":{\"@id\":\"https:\/\/www.sjpack.com\/#website\"},\"datePublished\":\"2018-06-15T20:27:12+00:00\",\"dateModified\":\"2024-02-19T15:08:41+00:00\",\"description\":\"Sustainability is a top priority for St. Johns Packaging. We are committed to developing sustainable and economically viable flexible packaging solutions.\",\"inLanguage\":\"vi-VN\",\"potentialAction\":[{\"@type\":\"ReadAction\",\"target\":[\"https:\/\/www.sjpack.com\/vi\/sustainable-packaging\/\"]}]}]}<\/script>\n<!-- \/ Yoast SEO plugin. -->","_links":{"self":[{"href":"https:\/\/www.sjpack.com\/vi\/wp-json\/wp\/v2\/pages\/3482\/"}],"collection":[{"href":"https:\/\/www.sjpack.com\/vi\/wp-json\/wp\/v2\/pages\/"}],"about":[{"href":"https:\/\/www.sjpack.com\/vi\/wp-json\/wp\/v2\/types\/page\/"}],"author":[{"embeddable":true,"href":"https:\/\/www.sjpack.com\/vi\/wp-json\/wp\/v2\/users\/5\/"}],"replies":[{"embeddable":true,"href":"https:\/\/www.sjpack.com\/vi\/wp-json\/wp\/v2\/comments\/?post=3482"}],"version-history":[{"count":4,"href":"https:\/\/www.sjpack.com\/vi\/wp-json\/wp\/v2\/pages\/3482\/revisions\/"}],"predecessor-version":[{"id":6128,"href":"https:\/\/www.sjpack.com\/vi\/wp-json\/wp\/v2\/pages\/3482\/revisions\/6128\/"}],"wp:attachment":[{"href":"https:\/\/www.sjpack.com\/vi\/wp-json\/wp\/v2\/media\/?parent=3482"}],"curies":[{"name":"wp","href":"https:\/\/api.w.org\/{rel}","templated":true}]}}