{"id":3469,"date":"2018-06-15T16:18:38","date_gmt":"2018-06-15T20:18:38","guid":{"rendered":"https:\/\/www.sjpack.com\/st-johns-packaging\/"},"modified":"2024-03-22T11:15:08","modified_gmt":"2024-03-22T15:15:08","slug":"st-johns-packaging","status":"publish","type":"page","link":"https:\/\/www.sjpack.com\/vi\/","title":{"rendered":"Home"},"content":{"rendered":"<p>Bao b\u00ec m\u1ec1m d\u00e0nh cho th\u1ef1c ph\u1ea9m v\u00e0 c\u00e1c s\u1ea3n ph\u1ea9m ch\u0103m s\u00f3c c\u00e1 nh\u00e2n<\/p>\n","protected":false},"excerpt":{"rendered":"<p>Bao b\u00ec m\u1ec1m d\u00e0nh cho th\u1ef1c ph\u1ea9m v\u00e0 c\u00e1c s\u1ea3n ph\u1ea9m ch\u0103m s\u00f3c c\u00e1 nh\u00e2n<\/p>\n","protected":false},"author":5,"featured_media":0,"parent":0,"menu_order":7,"comment_status":"open","ping_status":"closed","template":"","meta":[],"yoast_head":"<!-- This site is optimized with the Yoast SEO plugin v15.2.1 - https:\/\/yoast.com\/wordpress\/plugins\/seo\/ -->\n<meta name=\"description\" content=\"Servicing the food and personal care markets, St. Johns Packaging focuses on the production of wicket bags for the bread bag and femenine hygiene markets.\" \/>\n<meta name=\"robots\" content=\"index, follow, max-snippet:-1, max-image-preview:large, max-video-preview:-1\" \/>\n<link rel=\"canonical\" href=\"https:\/\/www.sjpack.com\/vi\/\" \/>\n<meta property=\"og:locale\" content=\"vi_VN\" \/>\n<meta property=\"og:type\" content=\"article\" \/>\n<meta property=\"og:title\" content=\"St. Johns Packaging : World leader in wicket bag manufacturing\" \/>\n<meta property=\"og:description\" content=\"Servicing the food and personal care markets, St. Johns Packaging focuses on the production of wicket bags for the bread bag and femenine hygiene markets.\" \/>\n<meta property=\"og:url\" content=\"https:\/\/www.sjpack.com\/vi\/\" \/>\n<meta property=\"og:site_name\" content=\"St. Johns Packaging\" \/>\n<meta property=\"article:modified_time\" content=\"2024-03-22T15:15:08+00:00\" \/>\n<meta property=\"og:image\" content=\"https:\/\/www.sjpack.com\/wp-content\/uploads\/2018\/06\/share.png\" \/>\n\t<meta property=\"og:image:width\" content=\"1200\" \/>\n\t<meta property=\"og:image:height\" content=\"630\" \/>\n<meta property=\"fb:app_id\" content=\"611750349471594\" \/>\n<meta name=\"twitter:label1\" content=\"Written by\">\n\t<meta name=\"twitter:data1\" content=\"Genevieve Remillard\">\n\t<meta name=\"twitter:label2\" content=\"Est. reading time\">\n\t<meta name=\"twitter:data2\" content=\"0 minutes\">\n<script type=\"application\/ld+json\" class=\"yoast-schema-graph\">{\"@context\":\"https:\/\/schema.org\",\"@graph\":[{\"@type\":\"WebSite\",\"@id\":\"https:\/\/www.sjpack.com\/#website\",\"url\":\"https:\/\/www.sjpack.com\/\",\"name\":\"St. Johns Packaging\",\"description\":\"\",\"potentialAction\":[{\"@type\":\"SearchAction\",\"target\":\"https:\/\/www.sjpack.com\/?s={search_term_string}\",\"query-input\":\"required name=search_term_string\"}],\"inLanguage\":\"vi-VN\"},{\"@type\":\"WebPage\",\"@id\":\"https:\/\/www.sjpack.com\/vi\/#webpage\",\"url\":\"https:\/\/www.sjpack.com\/vi\/\",\"name\":\"St. Johns Packaging : World leader in wicket bag manufacturing\",\"isPartOf\":{\"@id\":\"https:\/\/www.sjpack.com\/#website\"},\"datePublished\":\"2018-06-15T20:18:38+00:00\",\"dateModified\":\"2024-03-22T15:15:08+00:00\",\"description\":\"Servicing the food and personal care markets, St. Johns Packaging focuses on the production of wicket bags for the bread bag and femenine hygiene markets.\",\"inLanguage\":\"vi-VN\",\"potentialAction\":[{\"@type\":\"ReadAction\",\"target\":[\"https:\/\/www.sjpack.com\/vi\/\"]}]}]}<\/script>\n<!-- \/ Yoast SEO plugin. -->","_links":{"self":[{"href":"https:\/\/www.sjpack.com\/vi\/wp-json\/wp\/v2\/pages\/3469\/"}],"collection":[{"href":"https:\/\/www.sjpack.com\/vi\/wp-json\/wp\/v2\/pages\/"}],"about":[{"href":"https:\/\/www.sjpack.com\/vi\/wp-json\/wp\/v2\/types\/page\/"}],"author":[{"embeddable":true,"href":"https:\/\/www.sjpack.com\/vi\/wp-json\/wp\/v2\/users\/5\/"}],"replies":[{"embeddable":true,"href":"https:\/\/www.sjpack.com\/vi\/wp-json\/wp\/v2\/comments\/?post=3469"}],"version-history":[{"count":3,"href":"https:\/\/www.sjpack.com\/vi\/wp-json\/wp\/v2\/pages\/3469\/revisions\/"}],"predecessor-version":[{"id":6183,"href":"https:\/\/www.sjpack.com\/vi\/wp-json\/wp\/v2\/pages\/3469\/revisions\/6183\/"}],"wp:attachment":[{"href":"https:\/\/www.sjpack.com\/vi\/wp-json\/wp\/v2\/media\/?parent=3469"}],"curies":[{"name":"wp","href":"https:\/\/api.w.org\/{rel}","templated":true}]}}