{"id":3465,"date":"2018-06-15T16:26:57","date_gmt":"2018-06-15T20:26:57","guid":{"rendered":"https:\/\/www.sjpack.com\/about-us\/"},"modified":"2026-01-23T03:03:37","modified_gmt":"2026-01-23T08:03:37","slug":"about-us","status":"publish","type":"page","link":"https:\/\/www.sjpack.com\/vi\/about-us\/","title":{"rendered":"Gi\u1edfi Thi\u1ec7u V\u1ec1 Ch\u00fang T\u00f4i"},"content":{"rendered":"<h3>Ch\u00fang t\u00f4i l\u00e0 ai<\/h3>\n<p id=\"tw-target-text\" dir=\"ltr\" data-placeholder=\"Translation\"><span lang=\"vi\">\u0110\u01b0\u1ee3c th\u00e0nh l\u1eadp v\u00e0o n\u0103m 1954 b\u1edfi Ren\u00e9 J. Leclair, St. Johns Packaging l\u00e0 nh\u00e0 s\u1ea3n xu\u1ea5t t\u00edch h\u1ee3p theo chi\u1ec1u d\u1ecdc c\u00e1c s\u1ea3n ph\u1ea9m bao b\u00ec linh ho\u1ea1t \u0111\u01b0\u1ee3c b\u00e1n cho c\u00e1c c\u00f4ng ty th\u1ef1c ph\u1ea9m v\u00e0 s\u1ea3n ph\u1ea9m ti\u00eau d\u00f9ng h\u00e0ng \u0111\u1ea7u. V\u1eabn do gia \u0111\u00ecnh Leclair ki\u1ec3m so\u00e1t, c\u00f4ng ty hi\u1ec7n \u0111ang \u0111i\u1ec1u h\u00e0nh c\u00e1c c\u00f4ng ty con thu\u1ed9c s\u1edf h\u1eefu 100% t\u1ea1i Canada, Hoa K\u1ef3, Mexico, V\u01b0\u01a1ng qu\u1ed1c Anh, Trung Qu\u1ed1c, Vi\u1ec7t Nam v\u00e0 \u00dac, s\u1eed d\u1ee5ng h\u01a1n 950 nh\u00e2n vi\u00ean t\u1eadn t\u00e2m.<\/span><\/p>\n<h3><strong>Ch\u00fang t\u00f4i l\u00e0m g\u00ec<\/strong><\/h3>\n<p>\u00a0Ch\u00fang t\u00f4i \u0111\u00f3ng m\u1ed9t vai tr\u00f2 quan tr\u1ecdng trong chu\u1ed7i cung \u1ee9ng th\u1ef1c ph\u1ea9m v\u00e0 ch\u0103m s\u00f3c s\u1ee9c kh\u1ecfe thi\u1ebft y\u1ebfu<\/p>\n<p>Ch\u00fang t\u00f4i gi\u00fap kh\u00e1ch h\u00e0ng c\u1ee7a ch\u00fang t\u00f4i \u0111\u00f3ng g\u00f3i, b\u1ea3o v\u1ec7, b\u1ea3o qu\u1ea3n v\u00e0 b\u00e1n s\u1ea3n ph\u1ea9m c\u1ee7a h\u1ecd. Ch\u1ea5t l\u01b0\u1ee3ng c\u1ee7a phim, t\u00fai v\u00e0 t\u00fai nh\u1ecf c\u1ee7a ch\u00fang t\u00f4i cho ph\u00e9p kh\u00e1ch h\u00e0ng c\u1ee7a ch\u00fang t\u00f4i \u0111\u00f3ng g\u00f3i s\u1ea3n ph\u1ea9m hi\u1ec7u qu\u1ea3, b\u1ea3o v\u1ec7 s\u1ea3n ph\u1ea9m kh\u1ecfi b\u1ecb nhi\u1ec5m b\u1ea9n, b\u1ea3o qu\u1ea3n th\u1ef1c ph\u1ea9m v\u00e0 c\u00e1c s\u1ea3n ph\u1ea9m ch\u0103m s\u00f3c c\u00e1 nh\u00e2n v\u00e0 cung c\u1ea5p s\u1ea3n ph\u1ea9m an to\u00e0n cho ng\u01b0\u1eddi ti\u00eau d\u00f9ng<\/p>\n<p>D\u1ecbch v\u1ee5 \u0111\u1ed3 h\u1ecda c\u1ee7a ch\u00fang t\u00f4i v\u00e0 ch\u1ea5t l\u01b0\u1ee3ng in \u1ea5n c\u1ee7a ch\u00fang t\u00f4i cho ph\u00e9p kh\u00e1ch h\u00e0ng c\u1ee7a ch\u00fang t\u00f4i cung c\u1ea5p \u0111\u1ed3 h\u1ecda b\u1eaft m\u1eaft cho c\u00e1c s\u1ea3n ph\u1ea9m c\u1ee7a h\u1ecd tr\u00ean k\u1ec7 h\u00e0ng<\/p>\n<p>&nbsp;<\/p>\n","protected":false},"excerpt":{"rendered":"<p>\u0110\u01b0\u1ee3c th\u00e0nh l\u1eadp v\u00e0o n\u0103m 1954 b\u1edfi Ren\u00e9 J. Leclair, St. Johns Packaging l\u00e0 nh\u00e0 s\u1ea3n xu\u1ea5t t\u00edch h\u1ee3p theo chi\u1ec1u d\u1ecdc c\u00e1c s\u1ea3n ph\u1ea9m bao b\u00ec linh ho\u1ea1t \u0111\u01b0\u1ee3c b\u00e1n cho c\u00e1c c\u00f4ng ty th\u1ef1c ph\u1ea9m v\u00e0 s\u1ea3n ph\u1ea9m ti\u00eau d\u00f9ng h\u00e0ng \u0111\u1ea7u. V\u1eabn do gia \u0111\u00ecnh Leclair ki\u1ec3m so\u00e1t, c\u00f4ng ty hi\u1ec7n \u0111ang \u0111i\u1ec1u h\u00e0nh c\u00e1c c\u00f4ng ty con thu\u1ed9c s\u1edf h\u1eefu 100% t\u1ea1i Canada, Hoa K\u1ef3, Mexico, V\u01b0\u01a1ng qu\u1ed1c Anh, Trung Qu\u1ed1c, Vi\u1ec7t Nam v\u00e0 \u00dac, s\u1eed d\u1ee5ng h\u01a1n 950 nh\u00e2n vi\u00ean t\u1eadn t\u00e2m.<\/p>\n","protected":false},"author":5,"featured_media":0,"parent":0,"menu_order":3,"comment_status":"closed","ping_status":"closed","template":"templates\/tpl_markets.php","meta":[],"yoast_head":"<!-- This site is optimized with the Yoast SEO plugin v15.2.1 - https:\/\/yoast.com\/wordpress\/plugins\/seo\/ -->\n<meta name=\"description\" content=\"St. Johns Packaging is a vertically integrated manufacturer of flexible packaging, with a focus in wicket bag manufacturing for the bread bag market.\" \/>\n<meta name=\"robots\" content=\"index, follow, max-snippet:-1, max-image-preview:large, max-video-preview:-1\" \/>\n<link rel=\"canonical\" href=\"https:\/\/www.sjpack.com\/vi\/about-us\/\" \/>\n<meta property=\"og:locale\" content=\"vi_VN\" \/>\n<meta property=\"og:type\" content=\"article\" \/>\n<meta property=\"og:title\" content=\"About us - St. Johns Packaging\" \/>\n<meta property=\"og:description\" content=\"St. Johns Packaging is a vertically integrated manufacturer of flexible packaging, with a focus in wicket bag manufacturing for the bread bag market.\" \/>\n<meta property=\"og:url\" content=\"https:\/\/www.sjpack.com\/vi\/about-us\/\" \/>\n<meta property=\"og:site_name\" content=\"St. Johns Packaging\" \/>\n<meta property=\"article:modified_time\" content=\"2026-01-23T08:03:37+00:00\" \/>\n<meta property=\"og:image\" content=\"https:\/\/www.sjpack.com\/wp-content\/uploads\/2018\/06\/share.png\" \/>\n\t<meta property=\"og:image:width\" content=\"1200\" \/>\n\t<meta property=\"og:image:height\" content=\"630\" \/>\n<meta property=\"fb:app_id\" content=\"611750349471594\" \/>\n<meta name=\"twitter:label1\" content=\"Written by\">\n\t<meta name=\"twitter:data1\" content=\"Genevieve Remillard\">\n\t<meta name=\"twitter:label2\" content=\"Est. reading time\">\n\t<meta name=\"twitter:data2\" content=\"1 minute\">\n<script type=\"application\/ld+json\" class=\"yoast-schema-graph\">{\"@context\":\"https:\/\/schema.org\",\"@graph\":[{\"@type\":\"WebSite\",\"@id\":\"https:\/\/www.sjpack.com\/#website\",\"url\":\"https:\/\/www.sjpack.com\/\",\"name\":\"St. Johns Packaging\",\"description\":\"\",\"potentialAction\":[{\"@type\":\"SearchAction\",\"target\":\"https:\/\/www.sjpack.com\/?s={search_term_string}\",\"query-input\":\"required name=search_term_string\"}],\"inLanguage\":\"vi-VN\"},{\"@type\":\"WebPage\",\"@id\":\"https:\/\/www.sjpack.com\/vi\/about-us\/#webpage\",\"url\":\"https:\/\/www.sjpack.com\/vi\/about-us\/\",\"name\":\"About us - St. Johns Packaging\",\"isPartOf\":{\"@id\":\"https:\/\/www.sjpack.com\/#website\"},\"datePublished\":\"2018-06-15T20:26:57+00:00\",\"dateModified\":\"2026-01-23T08:03:37+00:00\",\"description\":\"St. Johns Packaging is a vertically integrated manufacturer of flexible packaging, with a focus in wicket bag manufacturing for the bread bag market.\",\"inLanguage\":\"vi-VN\",\"potentialAction\":[{\"@type\":\"ReadAction\",\"target\":[\"https:\/\/www.sjpack.com\/vi\/about-us\/\"]}]}]}<\/script>\n<!-- \/ Yoast SEO plugin. -->","_links":{"self":[{"href":"https:\/\/www.sjpack.com\/vi\/wp-json\/wp\/v2\/pages\/3465\/"}],"collection":[{"href":"https:\/\/www.sjpack.com\/vi\/wp-json\/wp\/v2\/pages\/"}],"about":[{"href":"https:\/\/www.sjpack.com\/vi\/wp-json\/wp\/v2\/types\/page\/"}],"author":[{"embeddable":true,"href":"https:\/\/www.sjpack.com\/vi\/wp-json\/wp\/v2\/users\/5\/"}],"replies":[{"embeddable":true,"href":"https:\/\/www.sjpack.com\/vi\/wp-json\/wp\/v2\/comments\/?post=3465"}],"version-history":[{"count":6,"href":"https:\/\/www.sjpack.com\/vi\/wp-json\/wp\/v2\/pages\/3465\/revisions\/"}],"predecessor-version":[{"id":6810,"href":"https:\/\/www.sjpack.com\/vi\/wp-json\/wp\/v2\/pages\/3465\/revisions\/6810\/"}],"wp:attachment":[{"href":"https:\/\/www.sjpack.com\/vi\/wp-json\/wp\/v2\/media\/?parent=3465"}],"curies":[{"name":"wp","href":"https:\/\/api.w.org\/{rel}","templated":true}]}}