{"id":7,"date":"2015-02-11T15:56:23","date_gmt":"2015-02-11T15:56:23","guid":{"rendered":"http:\/\/clonewp.local.agencemxo.com\/?page_id=7"},"modified":"2020-04-17T13:49:55","modified_gmt":"2020-04-17T17:49:55","slug":"contact","status":"publish","type":"page","link":"https:\/\/www.sjpack.com\/fr\/contact\/","title":{"rendered":"Contact"},"content":{"rendered":"","protected":false},"excerpt":{"rendered":"","protected":false},"author":5,"featured_media":0,"parent":0,"menu_order":19,"comment_status":"open","ping_status":"open","template":"templates\/tpl_contact.php","meta":[],"yoast_head":"<!-- This site is optimized with the Yoast SEO plugin v15.2.1 - https:\/\/yoast.com\/wordpress\/plugins\/seo\/ -->\n<meta name=\"description\" content=\"Vous avez des questions sur nos services? Besoin d&#039;une soumission? Nous sommes l\u00e0 pour vous! Contactez-nous et d\u00e9couvrez la diff\u00e9rence Emballage St-Jean...\" \/>\n<meta name=\"robots\" content=\"index, follow, max-snippet:-1, max-image-preview:large, max-video-preview:-1\" \/>\n<link rel=\"canonical\" href=\"https:\/\/www.sjpack.com\/fr\/contact\/\" \/>\n<meta property=\"og:locale\" content=\"fr_CA\" \/>\n<meta property=\"og:type\" content=\"article\" \/>\n<meta property=\"og:title\" content=\"Contactez-nous - Coordonn\u00e9es de nos six usines | Emballage St-Jean\" \/>\n<meta property=\"og:description\" content=\"Vous avez des questions sur nos services? Besoin d&#039;une soumission? Nous sommes l\u00e0 pour vous! Contactez-nous et d\u00e9couvrez la diff\u00e9rence Emballage St-Jean...\" \/>\n<meta property=\"og:url\" content=\"https:\/\/www.sjpack.com\/fr\/contact\/\" \/>\n<meta property=\"og:site_name\" content=\"Emballage St-Jean\" \/>\n<meta property=\"article:modified_time\" content=\"2020-04-17T17:49:55+00:00\" \/>\n<meta property=\"og:image\" content=\"https:\/\/www.sjpack.com\/wp-content\/uploads\/2018\/06\/share.png\" \/>\n\t<meta property=\"og:image:width\" content=\"1200\" \/>\n\t<meta property=\"og:image:height\" content=\"630\" \/>\n<meta property=\"fb:app_id\" content=\"611750349471594\" \/>\n<meta name=\"twitter:label1\" content=\"Written by\">\n\t<meta name=\"twitter:data1\" content=\"Genevieve Remillard\">\n<script type=\"application\/ld+json\" class=\"yoast-schema-graph\">{\"@context\":\"https:\/\/schema.org\",\"@graph\":[{\"@type\":\"WebSite\",\"@id\":\"https:\/\/www.sjpack.com\/#website\",\"url\":\"https:\/\/www.sjpack.com\/\",\"name\":\"Emballage St-Jean\",\"description\":\"\",\"potentialAction\":[{\"@type\":\"SearchAction\",\"target\":\"https:\/\/www.sjpack.com\/?s={search_term_string}\",\"query-input\":\"required name=search_term_string\"}],\"inLanguage\":\"fr-CA\"},{\"@type\":\"WebPage\",\"@id\":\"https:\/\/www.sjpack.com\/fr\/contact\/#webpage\",\"url\":\"https:\/\/www.sjpack.com\/fr\/contact\/\",\"name\":\"Contactez-nous - Coordonn\\u00e9es de nos six usines | Emballage St-Jean\",\"isPartOf\":{\"@id\":\"https:\/\/www.sjpack.com\/#website\"},\"datePublished\":\"2015-02-11T15:56:23+00:00\",\"dateModified\":\"2020-04-17T17:49:55+00:00\",\"description\":\"Vous avez des questions sur nos services? Besoin d'une soumission? Nous sommes l\\u00e0 pour vous! Contactez-nous et d\\u00e9couvrez la diff\\u00e9rence Emballage St-Jean...\",\"inLanguage\":\"fr-CA\",\"potentialAction\":[{\"@type\":\"ReadAction\",\"target\":[\"https:\/\/www.sjpack.com\/fr\/contact\/\"]}]}]}<\/script>\n<!-- \/ Yoast SEO plugin. -->","_links":{"self":[{"href":"https:\/\/www.sjpack.com\/fr\/wp-json\/wp\/v2\/pages\/7\/"}],"collection":[{"href":"https:\/\/www.sjpack.com\/fr\/wp-json\/wp\/v2\/pages\/"}],"about":[{"href":"https:\/\/www.sjpack.com\/fr\/wp-json\/wp\/v2\/types\/page\/"}],"author":[{"embeddable":true,"href":"https:\/\/www.sjpack.com\/fr\/wp-json\/wp\/v2\/users\/5\/"}],"replies":[{"embeddable":true,"href":"https:\/\/www.sjpack.com\/fr\/wp-json\/wp\/v2\/comments\/?post=7"}],"version-history":[{"count":2,"href":"https:\/\/www.sjpack.com\/fr\/wp-json\/wp\/v2\/pages\/7\/revisions\/"}],"predecessor-version":[{"id":2635,"href":"https:\/\/www.sjpack.com\/fr\/wp-json\/wp\/v2\/pages\/7\/revisions\/2635\/"}],"wp:attachment":[{"href":"https:\/\/www.sjpack.com\/fr\/wp-json\/wp\/v2\/media\/?parent=7"}],"curies":[{"name":"wp","href":"https:\/\/api.w.org\/{rel}","templated":true}]}}