{"id":6481,"date":"2025-04-15T07:16:22","date_gmt":"2025-04-15T11:16:22","guid":{"rendered":"https:\/\/www.sjpack.com\/?page_id=6481"},"modified":"2025-06-09T04:55:03","modified_gmt":"2025-06-09T08:55:03","slug":"speak-up-intake-form","status":"publish","type":"page","link":"https:\/\/www.sjpack.com\/fr\/speak-up-intake-form\/","title":{"rendered":"Speak Up Intake Form &#8211; FR"},"content":{"rendered":"<div class=\"form-div\">\n<h2 class=\"form-div-heading\">Formulaire de r\u00e9ception des plaintes<\/h2>\n<p class=\"form-sub\">Ce formulaire fournira un moyen pour les employ\u00e9s, les partenaires commerciaux et autres de signaler toute violation de notre code de conduite, de nos politiques ou des lois applicables. <span class=\"bold-itac\">Cela pourrait inclure, par exemple, une violation grave de la s\u00e9curit\u00e9 ou de la qualit\u00e9 des produits, des pratiques commerciales non \u00e9thiques ou une activit\u00e9 ill\u00e9gale de toute nature.<\/span> Veuillez remplir ce formulaire pour signaler une plainte dans l&rsquo;un de nos sites lorsque vous ne vous sentez pas \u00e0 l&rsquo;aise de la soulever par les canaux locaux.<\/p>\n\n                <div class='gf_browser_gecko gform_wrapper intake-form_wrapper' id='gform_wrapper_287' style='display:none'><div id='gf_287' class='gform_anchor' tabindex='-1'><\/div><form method='post' enctype='multipart\/form-data' target='gform_ajax_frame_287' id='gform_287' class='intake-form' action='\/fr\/wp-json\/wp\/v2\/pages\/6481\/#gf_287'>\n                        <div class='gform_body'><ul id='gform_fields_287' class='gform_fields top_label form_sublabel_below description_below'><li id='field_287_1'  class='gfield gfield_contains_required field_sublabel_below field_description_below gfield_visibility_visible' ><label class='gfield_label'  >Souhaitez-vous rester anonyme?<span class='gfield_required'>*<\/span><\/label><div class='ginput_container ginput_container_radio'><ul class='gfield_radio' id='input_287_1'><li class='gchoice_287_1_0'><input name='input_1' type='radio' value='Oui'  id='choice_287_1_0'    \/><label for='choice_287_1_0' id='label_287_1_0'>Oui<\/label><\/li><li class='gchoice_287_1_1'><input name='input_1' type='radio' value='Non' checked='checked' id='choice_287_1_1'    \/><label for='choice_287_1_1' id='label_287_1_1'>Non<\/label><\/li><\/ul><\/div><\/li><li id='field_287_2'  class='gfield gsection field_sublabel_below field_description_below gfield_visibility_visible' ><h2 class='gsection_title'>Coordonn\u00e9es<\/h2><\/li><li id='field_287_3'  class='gfield field_sublabel_below field_description_below gfield_visibility_visible' ><label class='gfield_label' for='input_287_3' >Nom<\/label><div class='ginput_container ginput_container_text'><input name='input_3' id='input_287_3' type='text' value='' class='large'      aria-invalid=\"false\" \/><\/div><\/li><li id='field_287_4'  class='gfield field_sublabel_below field_description_below gfield_visibility_visible' ><label class='gfield_label' for='input_287_4' >Courriel<\/label><div class='ginput_container ginput_container_email'>\n                            <input name='input_4' id='input_287_4' type='email' value='' class='large'     aria-invalid=\"false\" \/>\n                        <\/div><\/li><li id='field_287_5'  class='gfield field_sublabel_below field_description_below gfield_visibility_visible' ><label class='gfield_label' for='input_287_5' >Num\u00e9ro de t\u00e9l\u00e9phone<\/label><div class='ginput_container ginput_container_phone'><input name='input_5' id='input_287_5' type='tel' value='' class='large'    aria-invalid=\"false\"  \/><\/div><\/li><li id='field_287_6'  class='gfield gfield_contains_required field_sublabel_below field_description_below gfield_visibility_visible' ><label class='gfield_label'  >\u00cates-vous un employ\u00e9 d\u2019Emballage St-Jean?<span class='gfield_required'>*<\/span><\/label><div class='ginput_container ginput_container_radio'><ul class='gfield_radio' id='input_287_6'><li class='gchoice_287_6_0'><input name='input_6' type='radio' value='Oui'  id='choice_287_6_0'    \/><label for='choice_287_6_0' id='label_287_6_0'>Oui<\/label><\/li><li class='gchoice_287_6_1'><input name='input_6' type='radio' value='Non'  id='choice_287_6_1'    \/><label for='choice_287_6_1' id='label_287_6_1'>Non<\/label><\/li><\/ul><\/div><\/li><li id='field_287_17'  class='gfield gfield_contains_required field_sublabel_below field_description_below gfield_visibility_visible' ><label class='gfield_label' for='input_287_17' >\u00c0 quel site d\u2019Emballage St-Jean cette plainte se r\u00e9f\u00e8re-t-elle?<span class='gfield_required'>*<\/span><\/label><div class='ginput_container ginput_container_select'><select name='input_17' id='input_287_17' class='large gfield_select'   aria-required=\"true\" aria-invalid=\"false\"><option value='' selected='selected' class='gf_placeholder'>S\u00e9lectionnez l&#039;emplacement<\/option><option value='St-Luc, Canada' >St-Luc, Canada<\/option><option value='St-Jean Extrusion, Canada' >St-Jean Extrusion, Canada<\/option><option value='Pointe-aux-Trembles, Canada' >Pointe-aux-Trembles, Canada<\/option><option value='Greensboro, \u00c9tats-Unis' >Greensboro, \u00c9tats-Unis<\/option><option value='Ilkeston, Royaume-Uni' >Ilkeston, Royaume-Uni<\/option><option value='Guadalajara, Mexique' >Guadalajara, Mexique<\/option><option value='Leon, Mexique' >Leon, Mexique<\/option><option value='GPF, Vietnam' >GPF, Vietnam<\/option><option value='SJPV, Vietnam' >SJPV, Vietnam<\/option><option value='SJPK, Chine' >SJPK, Chine<\/option><option value='Autre' >Autre<\/option><\/select><\/div><\/li><li id='field_287_18'  class='gfield field_sublabel_below field_description_below gfield_visibility_visible' ><label class='gfield_label' for='input_287_18' >Sp\u00e9cifier un autre emplacement<\/label><div class='ginput_container ginput_container_textarea'><textarea name='input_18' id='input_287_18' class='textarea small'      aria-invalid=\"false\"   rows='10' cols='50'><\/textarea><\/div><\/li><li id='field_287_8'  class='gfield concern-field-sec gfield_contains_required field_sublabel_below field_description_below gfield_visibility_visible' ><label class='gfield_label' for='input_287_8' >Nature de votre pr\u00e9occupation?*<span class='gfield_required'>*<\/span><\/label><div class='ginput_container ginput_container_select'><select name='input_8' id='input_287_8' class='large gfield_select'   aria-required=\"true\" aria-invalid=\"false\"><option value='' selected='selected' class='gf_placeholder'>Veuillez s\u00e9lectionner la nature de votre pr\u00e9occupation<\/option><option value='Activit\u00e9s criminelles ou ill\u00e9gales potentielles en cours' >Activit\u00e9s criminelles ou ill\u00e9gales potentielles en cours<\/option><option value='Risque s\u00e9rieux pour la sant\u00e9 et la s\u00e9curit\u00e9' >Risque s\u00e9rieux pour la sant\u00e9 et la s\u00e9curit\u00e9<\/option><option value='Risque s\u00e9rieux de dommages \u00e0 l&#039;environnement' >Risque s\u00e9rieux de dommages \u00e0 l&#039;environnement<\/option><option value='Risque s\u00e9rieux pour la s\u00e9curit\u00e9 et la qualit\u00e9 des produits' >Risque s\u00e9rieux pour la s\u00e9curit\u00e9 et la qualit\u00e9 des produits<\/option><option value='Violation potentielle des droits de l&#039;homme' >Violation potentielle des droits de l&#039;homme<\/option><option value='Harc\u00e8lement' >Harc\u00e8lement<\/option><option value='Autre (veuillez pr\u00e9ciser les d\u00e9tails)' >Autre (veuillez pr\u00e9ciser les d\u00e9tails)<\/option><\/select><\/div><\/li><li id='field_287_9'  class='gfield gfield_contains_required field_sublabel_below field_description_below gfield_visibility_visible' ><label class='gfield_label' for='input_287_9' >D\u00e9tail<span class='gfield_required'>*<\/span><\/label><div class='ginput_container ginput_container_textarea'><textarea name='input_9' id='input_287_9' class='textarea small'     aria-required=\"true\" aria-invalid=\"false\"   rows='10' cols='50'><\/textarea><\/div><\/li><li id='field_287_16'  class='gfield gfield_contains_required field_sublabel_below field_description_below gfield_visibility_visible' ><label class='gfield_label' for='input_287_16' >D\u00e9crire votre plainte. Veuillez donner toutes les informations de base pertinentes \u00e0 votre pr\u00e9occupation, y compris les dates cl\u00e9s et les t\u00e9moins<span class='gfield_required'>*<\/span><\/label><div class='ginput_container ginput_container_textarea'><textarea name='input_16' id='input_287_16' class='textarea medium'     aria-required=\"true\" aria-invalid=\"false\"   rows='10' cols='50'><\/textarea><\/div><\/li><li id='field_287_10'  class='gfield gsection field_sublabel_below field_description_below gfield_visibility_visible' ><h2 class='gsection_title'><\/h2><\/li><li id='field_287_11'  class='gfield field_sublabel_below field_description_below gfield_visibility_visible' ><label class='gfield_label'  >T\u00e9l\u00e9charger des preuves, des documents, des photos, des vid\u00e9os, etc. ici.<\/label><div class='ginput_container ginput_container_fileupload'><div id='gform_multifile_upload_287_11' data-settings='{&quot;runtimes&quot;:&quot;html5,flash,html4&quot;,&quot;browse_button&quot;:&quot;gform_browse_button_287_11&quot;,&quot;container&quot;:&quot;gform_multifile_upload_287_11&quot;,&quot;drop_element&quot;:&quot;gform_drag_drop_area_287_11&quot;,&quot;filelist&quot;:&quot;gform_preview_287_11&quot;,&quot;unique_names&quot;:true,&quot;file_data_name&quot;:&quot;file&quot;,&quot;url&quot;:&quot;https:\\\/\\\/www.sjpack.com\\\/?gf_page=27595fe8305822a&quot;,&quot;flash_swf_url&quot;:&quot;https:\\\/\\\/www.sjpack.com\\\/wp-includes\\\/js\\\/plupload\\\/plupload.flash.swf&quot;,&quot;silverlight_xap_url&quot;:&quot;https:\\\/\\\/www.sjpack.com\\\/wp-includes\\\/js\\\/plupload\\\/plupload.silverlight.xap&quot;,&quot;filters&quot;:{&quot;mime_types&quot;:[{&quot;title&quot;:&quot;Fichiers autoris\\u00e9s&quot;,&quot;extensions&quot;:&quot;*&quot;}],&quot;max_file_size&quot;:&quot;134217728b&quot;},&quot;multipart&quot;:true,&quot;urlstream_upload&quot;:false,&quot;multipart_params&quot;:{&quot;form_id&quot;:287,&quot;field_id&quot;:11},&quot;gf_vars&quot;:{&quot;max_files&quot;:0,&quot;message_id&quot;:&quot;gform_multifile_messages_287_11&quot;,&quot;disallowed_extensions&quot;:[&quot;php&quot;,&quot;asp&quot;,&quot;aspx&quot;,&quot;cmd&quot;,&quot;csh&quot;,&quot;bat&quot;,&quot;html&quot;,&quot;htm&quot;,&quot;hta&quot;,&quot;jar&quot;,&quot;exe&quot;,&quot;com&quot;,&quot;js&quot;,&quot;lnk&quot;,&quot;htaccess&quot;,&quot;phtml&quot;,&quot;ps1&quot;,&quot;ps2&quot;,&quot;php3&quot;,&quot;php4&quot;,&quot;php5&quot;,&quot;php6&quot;,&quot;py&quot;,&quot;rb&quot;,&quot;tmp&quot;]}}' class='gform_fileupload_multifile'>\n\t\t\t\t\t\t\t\t\t\t<div id='gform_drag_drop_area_287_11' class='gform_drop_area'>\n\t\t\t\t\t\t\t\t\t\t\t<span class='gform_drop_instructions'>D\u00e9poser les fichiers ici ou <\/span>\n\t\t\t\t\t\t\t\t\t\t\t<input id='gform_browse_button_287_11' type='button' value='S\u00e9lectionnez des fichiers' class='button gform_button_select_files' aria-describedby='extensions_message_287_11'  \/>\n\t\t\t\t\t\t\t\t\t\t<\/div>\n\t\t\t\t\t\t\t\t\t<\/div><span id='extensions_message_287_11' class='screen-reader-text'><\/span><div class='validation_message'>\n\t\t\t\t\t\t\t\t<ul id='gform_multifile_messages_287_11'>\n\t\t\t\t\t\t\t\t<\/ul>\n\t\t\t\t\t\t\t<\/div><\/div><div id='gform_preview_287_11'><\/div><\/li><li id='field_287_12'  class='gfield gsection field_sublabel_below field_description_below gfield_visibility_visible' ><h2 class='gsection_title'><\/h2><\/li><li id='field_287_13'  class='gfield gfield_contains_required field_sublabel_below field_description_below gfield_visibility_visible' ><label class='gfield_label' for='input_287_13' >Avez-vous signal\u00e9 la pr\u00e9occupation \u00e0 une autre personne ou organisation? Si oui, veuillez fournir les d\u00e9tails de qui, quand et quelle a \u00e9t\u00e9 la r\u00e9ponse.*<span class='gfield_required'>*<\/span><\/label><div class='ginput_container ginput_container_textarea'><textarea name='input_13' id='input_287_13' class='textarea large'     aria-required=\"true\" aria-invalid=\"false\"   rows='10' cols='50'><\/textarea><\/div><\/li><li id='field_287_15'  class='gfield cap-sec field_sublabel_below field_description_below hidden_label gfield_visibility_visible' ><label class='gfield_label' for='input_287_15' >CAPTCHA<\/label><div id='input_287_15' class='ginput_container ginput_recaptcha' data-sitekey='6LexdRIrAAAAAMxvqfOzdqs08YgpWa7NUMd3sJJS'  data-theme='light' data-tabindex='-1' data-size='invisible' data-badge='bottomright'><\/div><\/li>\n                            <\/ul><\/div>\n        <div class='gform_footer top_label'> <input type='submit' id='gform_submit_button_287' class='gform_button button' value='Soumettre'  onclick='if(window[\"gf_submitting_287\"]){return false;}  if( !jQuery(\"#gform_287\")[0].checkValidity || jQuery(\"#gform_287\")[0].checkValidity()){window[\"gf_submitting_287\"]=true;}  ' onkeypress='if( event.keyCode == 13 ){ if(window[\"gf_submitting_287\"]){return false;} if( !jQuery(\"#gform_287\")[0].checkValidity || jQuery(\"#gform_287\")[0].checkValidity()){window[\"gf_submitting_287\"]=true;}  jQuery(\"#gform_287\").trigger(\"submit\",[true]); }' \/> <input type='hidden' name='gform_ajax' value='form_id=287&amp;title=&amp;description=&amp;tabindex=0' \/>\n            <input type='hidden' class='gform_hidden' name='is_submit_287' value='1' \/>\n            <input type='hidden' class='gform_hidden' name='gform_submit' value='287' \/>\n            \n            <input type='hidden' class='gform_hidden' name='gform_unique_id' value='' \/>\n            <input type='hidden' class='gform_hidden' name='state_287' value='WyJbXSIsIjNmODUyZTMzMmE4OTJmMTk0NjU4ZjUzZmRlNDFmZWY2Il0=' \/>\n            <input type='hidden' class='gform_hidden' name='gform_target_page_number_287' id='gform_target_page_number_287' value='0' \/>\n            <input type='hidden' class='gform_hidden' name='gform_source_page_number_287' id='gform_source_page_number_287' value='1' \/>\n            <input type='hidden' name='gform_field_values' value='' \/>\n            <input type='hidden' name='gform_uploaded_files' id='gform_uploaded_files_287' value='' \/>\n        <\/div>\n                        <\/form>\n                        <\/div>\n                <iframe style='display:none;width:0px;height:0px;' src='about:blank' name='gform_ajax_frame_287' id='gform_ajax_frame_287' title='Cette iframe contient la logique n\u00e9cessaire pour manipuler Gravity Forms avec AJAX'><\/iframe>\n                <script type='text\/javascript'>jQuery(document).ready(function($){gformInitSpinner( 287, 'https:\/\/www.sjpack.com\/wp-content\/plugins\/gravityforms\/images\/spinner.gif' );jQuery('#gform_ajax_frame_287').on('load',function(){var contents = jQuery(this).contents().find('*').html();var is_postback = contents.indexOf('GF_AJAX_POSTBACK') >= 0;if(!is_postback){return;}var form_content = jQuery(this).contents().find('#gform_wrapper_287');var is_confirmation = jQuery(this).contents().find('#gform_confirmation_wrapper_287').length > 0;var is_redirect = contents.indexOf('gformRedirect(){') >= 0;var is_form = form_content.length > 0 && ! is_redirect && ! is_confirmation;var mt = parseInt(jQuery('html').css('margin-top'), 10) + parseInt(jQuery('body').css('margin-top'), 10) + 100;if(is_form){jQuery('#gform_wrapper_287').html(form_content.html());if(form_content.hasClass('gform_validation_error')){jQuery('#gform_wrapper_287').addClass('gform_validation_error');} else {jQuery('#gform_wrapper_287').removeClass('gform_validation_error');}setTimeout( function() { \/* delay the scroll by 50 milliseconds to fix a bug in chrome *\/ jQuery(document).scrollTop(jQuery('#gform_wrapper_287').offset().top - mt); }, 50 );if(window['gformInitDatepicker']) {gformInitDatepicker();}if(window['gformInitPriceFields']) {gformInitPriceFields();}var current_page = jQuery('#gform_source_page_number_287').val();gformInitSpinner( 287, 'https:\/\/www.sjpack.com\/wp-content\/plugins\/gravityforms\/images\/spinner.gif' );jQuery(document).trigger('gform_page_loaded', [287, current_page]);window['gf_submitting_287'] = false;}else if(!is_redirect){var confirmation_content = jQuery(this).contents().find('.GF_AJAX_POSTBACK').html();if(!confirmation_content){confirmation_content = contents;}setTimeout(function(){jQuery('#gform_wrapper_287').replaceWith(confirmation_content);jQuery(document).scrollTop(jQuery('#gf_287').offset().top - mt);jQuery(document).trigger('gform_confirmation_loaded', [287]);window['gf_submitting_287'] = false;}, 50);}else{jQuery('#gform_287').append(contents);if(window['gformRedirect']) {gformRedirect();}}jQuery(document).trigger('gform_post_render', [287, current_page]);} );} );<\/script><script type='text\/javascript'> jQuery(document).bind('gform_post_render', function(event, formId, currentPage){if(formId == 287) {gf_global[\"number_formats\"][287] = {\"1\":{\"price\":false,\"value\":false},\"2\":{\"price\":false,\"value\":false},\"3\":{\"price\":false,\"value\":false},\"4\":{\"price\":false,\"value\":false},\"5\":{\"price\":false,\"value\":false},\"6\":{\"price\":false,\"value\":false},\"17\":{\"price\":false,\"value\":false},\"18\":{\"price\":false,\"value\":false},\"8\":{\"price\":false,\"value\":false},\"9\":{\"price\":false,\"value\":false},\"16\":{\"price\":false,\"value\":false},\"10\":{\"price\":false,\"value\":false},\"11\":{\"price\":false,\"value\":false},\"12\":{\"price\":false,\"value\":false},\"13\":{\"price\":false,\"value\":false},\"15\":{\"price\":false,\"value\":false}};if(window['jQuery']){if(!window['gf_form_conditional_logic'])window['gf_form_conditional_logic'] = new Array();window['gf_form_conditional_logic'][287] = { logic: { 18: {\"field\":{\"actionType\":\"show\",\"logicType\":\"all\",\"rules\":[{\"fieldId\":\"17\",\"operator\":\"is\",\"value\":\"Autre\"}]},\"nextButton\":null,\"section\":\"\"},9: {\"field\":{\"actionType\":\"show\",\"logicType\":\"all\",\"rules\":[{\"fieldId\":\"8\",\"operator\":\"is\",\"value\":\"Autre (veuillez pr\\u00e9ciser les d\\u00e9tails)\"}]},\"nextButton\":null,\"section\":\"\"} }, dependents: { 18: [18],9: [9] }, animation: 0, defaults: {\"1\":[\"choice_287_1_1\"]}, fields: {\"1\":[],\"2\":[],\"3\":[],\"4\":[],\"5\":[],\"6\":[],\"17\":[18],\"18\":[],\"8\":[9],\"9\":[],\"16\":[],\"10\":[],\"11\":[],\"12\":[],\"13\":[],\"15\":[]} }; if(!window['gf_number_format'])window['gf_number_format'] = 'decimal_comma';jQuery(document).ready(function(){gf_apply_rules(287, [18,9], true);jQuery('#gform_wrapper_287').show();jQuery(document).trigger('gform_post_conditional_logic', [287, null, true]);} );} if(typeof Placeholders != 'undefined'){\n                        Placeholders.enable();\n                    }} } );jQuery(document).bind('gform_post_conditional_logic', function(event, formId, fields, isInit){} );<\/script><script type='text\/javascript'> jQuery(document).ready(function(){jQuery(document).trigger('gform_post_render', [287, 1]) } ); <\/script><\/div>\n","protected":false},"excerpt":{"rendered":"<p>Formulaire de r\u00e9ception des plaintes Ce formulaire fournira un moyen pour les employ\u00e9s, les partenaires commerciaux et autres de signaler toute violation de notre code de conduite, de nos politiques ou des lois applicables. Cela pourrait inclure, par exemple, une violation grave de la s\u00e9curit\u00e9 ou de la qualit\u00e9 des produits, des pratiques commerciales non [&hellip;]<\/p>\n","protected":false},"author":5,"featured_media":0,"parent":0,"menu_order":0,"comment_status":"closed","ping_status":"closed","template":"","meta":[],"yoast_head":"<!-- This site is optimized with the Yoast SEO plugin v15.2.1 - https:\/\/yoast.com\/wordpress\/plugins\/seo\/ -->\n<meta name=\"robots\" content=\"noindex, nofollow\" \/>\n<meta property=\"og:locale\" content=\"fr_CA\" \/>\n<meta property=\"og:type\" content=\"article\" \/>\n<meta property=\"og:title\" content=\"Speak Up Intake Form - FR - Emballage St-Jean\" \/>\n<meta property=\"og:description\" content=\"Formulaire de r\u00e9ception des plaintes Ce formulaire fournira un moyen pour les employ\u00e9s, les partenaires commerciaux et autres de signaler toute violation de notre code de conduite, de nos politiques ou des lois applicables. Cela pourrait inclure, par exemple, une violation grave de la s\u00e9curit\u00e9 ou de la qualit\u00e9 des produits, des pratiques commerciales non [&hellip;]\" \/>\n<meta property=\"og:url\" content=\"https:\/\/www.sjpack.com\/fr\/speak-up-intake-form\/\" \/>\n<meta property=\"og:site_name\" content=\"Emballage St-Jean\" \/>\n<meta property=\"article:modified_time\" content=\"2025-06-09T08:55:03+00:00\" \/>\n<meta property=\"og:image\" content=\"https:\/\/www.sjpack.com\/wp-content\/uploads\/2018\/06\/share.png\" \/>\n\t<meta property=\"og:image:width\" content=\"1200\" \/>\n\t<meta property=\"og:image:height\" content=\"630\" \/>\n<meta property=\"fb:app_id\" content=\"611750349471594\" \/>\n<meta name=\"twitter:label1\" content=\"Written by\">\n\t<meta name=\"twitter:data1\" content=\"Genevieve Remillard\">\n\t<meta name=\"twitter:label2\" content=\"Est. reading time\">\n\t<meta name=\"twitter:data2\" content=\"0 minute\">\n<script type=\"application\/ld+json\" class=\"yoast-schema-graph\">{\"@context\":\"https:\/\/schema.org\",\"@graph\":[{\"@type\":\"WebSite\",\"@id\":\"https:\/\/www.sjpack.com\/#website\",\"url\":\"https:\/\/www.sjpack.com\/\",\"name\":\"Emballage St-Jean\",\"description\":\"\",\"potentialAction\":[{\"@type\":\"SearchAction\",\"target\":\"https:\/\/www.sjpack.com\/?s={search_term_string}\",\"query-input\":\"required name=search_term_string\"}],\"inLanguage\":\"fr-CA\"},{\"@type\":\"WebPage\",\"@id\":\"https:\/\/www.sjpack.com\/fr\/speak-up-intake-form\/#webpage\",\"url\":\"https:\/\/www.sjpack.com\/fr\/speak-up-intake-form\/\",\"name\":\"Speak Up Intake Form - FR - Emballage St-Jean\",\"isPartOf\":{\"@id\":\"https:\/\/www.sjpack.com\/#website\"},\"datePublished\":\"2025-04-15T11:16:22+00:00\",\"dateModified\":\"2025-06-09T08:55:03+00:00\",\"inLanguage\":\"fr-CA\",\"potentialAction\":[{\"@type\":\"ReadAction\",\"target\":[\"https:\/\/www.sjpack.com\/fr\/speak-up-intake-form\/\"]}]}]}<\/script>\n<!-- \/ Yoast SEO plugin. -->","_links":{"self":[{"href":"https:\/\/www.sjpack.com\/fr\/wp-json\/wp\/v2\/pages\/6481\/"}],"collection":[{"href":"https:\/\/www.sjpack.com\/fr\/wp-json\/wp\/v2\/pages\/"}],"about":[{"href":"https:\/\/www.sjpack.com\/fr\/wp-json\/wp\/v2\/types\/page\/"}],"author":[{"embeddable":true,"href":"https:\/\/www.sjpack.com\/fr\/wp-json\/wp\/v2\/users\/5\/"}],"replies":[{"embeddable":true,"href":"https:\/\/www.sjpack.com\/fr\/wp-json\/wp\/v2\/comments\/?post=6481"}],"version-history":[{"count":3,"href":"https:\/\/www.sjpack.com\/fr\/wp-json\/wp\/v2\/pages\/6481\/revisions\/"}],"predecessor-version":[{"id":6553,"href":"https:\/\/www.sjpack.com\/fr\/wp-json\/wp\/v2\/pages\/6481\/revisions\/6553\/"}],"wp:attachment":[{"href":"https:\/\/www.sjpack.com\/fr\/wp-json\/wp\/v2\/media\/?parent=6481"}],"curies":[{"name":"wp","href":"https:\/\/api.w.org\/{rel}","templated":true}]}}