{"id":175,"date":"2018-05-28T16:14:26","date_gmt":"2018-05-28T20:14:26","guid":{"rendered":"https:\/\/www.sjpack.com\/a-propos\/"},"modified":"2026-01-23T03:01:48","modified_gmt":"2026-01-23T08:01:48","slug":"a-propos","status":"publish","type":"page","link":"https:\/\/www.sjpack.com\/fr\/a-propos\/","title":{"rendered":"\u00c0 propos"},"content":{"rendered":"<h3>Qui nous sommes<\/h3>\n<p>Fond\u00e9e en 1954 par Ren\u00e9 J. Leclair, Emballage St-Jean est un fabricant <strong>verticalement int\u00e9gr\u00e9<\/strong> de produits d&#8217;emballage flexibles qui sont vendus aux leaders de produits alimentaires et de consommation. Toujours contr\u00f4l\u00e9e par la famille Leclair, la soci\u00e9t\u00e9 exploite actuellement des filiales en propri\u00e9t\u00e9 exclusive au Canada, aux \u00c9tats-Unis, au Mexique, au Royaume-Uni, en Chine, au Vietnam et en Australie, employant plus de 950 employ\u00e9s d\u00e9vou\u00e9s.<\/p>\n<h3>Ce que nous faisons<\/h3>\n<p>Nous jouons un <strong>r\u00f4le essentiel<\/strong> dans les cha\u00eenes d&rsquo;approvisionnement alimentaires et d&rsquo;hygi\u00e8ne personnelle.<\/p>\n<p><strong>Nous aidons nos clients \u00e0 emballer, prot\u00e9ger, pr\u00e9server et vendre leurs produits. <\/strong>La qualit\u00e9 de nos films, sacs et pochettes permet \u00e0 nos clients d&#8217;emballer leurs produits efficacement, p<span lang=\"fr\">rot\u00e9ger leurs produits de la contamination, pr\u00e9server leurs produits alimentaires et hygi\u00e9niques, et livrer des produits s\u00e9curitaires aux consommateurs.<\/span><\/p>\n<p>Nos services graphiques et la qualit\u00e9 de nos impressions permettent \u00e0 nos clients d&rsquo;offrir des graphismes accrocheurs pour leurs produits en magasin.<\/p>\n<p>&nbsp;<\/p>\n","protected":false},"excerpt":{"rendered":"<p>Emballage St-Jean Lt\u00e9e est une entreprise qu\u00e9b\u00e9coise familiale qui compte aujourd\u2019hui plus de 950 employ\u00e9s \u00e0 travers le monde. Int\u00e9gr\u00e9s verticalement, nous fabriquons des emballages flexibles destin\u00e9s aux industries de l\u2019alimentation et de l\u2019hygi\u00e8ne personnelle. Fond\u00e9e en 1954, la compagnie op\u00e8re maintenant des filiales dont elle est enti\u00e8rement propri\u00e9taire au Canada, aux \u00c9tats-Unis, au Mexique, au Royaume-Uni, en Chine, au Vietnam et en Australie.<\/p>\n","protected":false},"author":5,"featured_media":0,"parent":0,"menu_order":3,"comment_status":"closed","ping_status":"closed","template":"templates\/tpl_markets.php","meta":[],"yoast_head":"<!-- This site is optimized with the Yoast SEO plugin v15.2.1 - https:\/\/yoast.com\/wordpress\/plugins\/seo\/ -->\n<meta name=\"description\" content=\"Joueur de premier plan en mati\u00e8re d\u2019emballage flexible, apprenez-en plus \u00e0 propos d&#039;Emballage St-Jean, un leader au savoir-faire reconnu mondialement.\" \/>\n<meta name=\"robots\" content=\"index, follow, max-snippet:-1, max-image-preview:large, max-video-preview:-1\" \/>\n<link rel=\"canonical\" href=\"https:\/\/www.sjpack.com\/fr\/a-propos\/\" \/>\n<meta property=\"og:locale\" content=\"fr_CA\" \/>\n<meta property=\"og:type\" content=\"article\" \/>\n<meta property=\"og:title\" content=\"\u00c0 propos : mission, valeurs, vision et positionnement | Emballage St-Jean\" \/>\n<meta property=\"og:description\" content=\"Joueur de premier plan en mati\u00e8re d\u2019emballage flexible, apprenez-en plus \u00e0 propos d&#039;Emballage St-Jean, un leader au savoir-faire reconnu mondialement.\" \/>\n<meta property=\"og:url\" content=\"https:\/\/www.sjpack.com\/fr\/a-propos\/\" \/>\n<meta property=\"og:site_name\" content=\"Emballage St-Jean\" \/>\n<meta property=\"article:modified_time\" content=\"2026-01-23T08:01:48+00:00\" \/>\n<meta property=\"og:image\" content=\"https:\/\/www.sjpack.com\/wp-content\/uploads\/2018\/06\/share.png\" \/>\n\t<meta property=\"og:image:width\" content=\"1200\" \/>\n\t<meta property=\"og:image:height\" content=\"630\" \/>\n<meta property=\"fb:app_id\" content=\"611750349471594\" \/>\n<meta name=\"twitter:label1\" content=\"Written by\">\n\t<meta name=\"twitter:data1\" content=\"Genevieve Remillard\">\n\t<meta name=\"twitter:label2\" content=\"Est. reading time\">\n\t<meta name=\"twitter:data2\" content=\"1 minute\">\n<script type=\"application\/ld+json\" class=\"yoast-schema-graph\">{\"@context\":\"https:\/\/schema.org\",\"@graph\":[{\"@type\":\"WebSite\",\"@id\":\"https:\/\/www.sjpack.com\/#website\",\"url\":\"https:\/\/www.sjpack.com\/\",\"name\":\"Emballage St-Jean\",\"description\":\"\",\"potentialAction\":[{\"@type\":\"SearchAction\",\"target\":\"https:\/\/www.sjpack.com\/?s={search_term_string}\",\"query-input\":\"required name=search_term_string\"}],\"inLanguage\":\"fr-CA\"},{\"@type\":\"WebPage\",\"@id\":\"https:\/\/www.sjpack.com\/fr\/a-propos\/#webpage\",\"url\":\"https:\/\/www.sjpack.com\/fr\/a-propos\/\",\"name\":\"\\u00c0 propos : mission, valeurs, vision et positionnement | Emballage St-Jean\",\"isPartOf\":{\"@id\":\"https:\/\/www.sjpack.com\/#website\"},\"datePublished\":\"2018-05-28T20:14:26+00:00\",\"dateModified\":\"2026-01-23T08:01:48+00:00\",\"description\":\"Joueur de premier plan en mati\\u00e8re d\\u2019emballage flexible, apprenez-en plus \\u00e0 propos d'Emballage St-Jean, un leader au savoir-faire reconnu mondialement.\",\"inLanguage\":\"fr-CA\",\"potentialAction\":[{\"@type\":\"ReadAction\",\"target\":[\"https:\/\/www.sjpack.com\/fr\/a-propos\/\"]}]}]}<\/script>\n<!-- \/ Yoast SEO plugin. -->","_links":{"self":[{"href":"https:\/\/www.sjpack.com\/fr\/wp-json\/wp\/v2\/pages\/175\/"}],"collection":[{"href":"https:\/\/www.sjpack.com\/fr\/wp-json\/wp\/v2\/pages\/"}],"about":[{"href":"https:\/\/www.sjpack.com\/fr\/wp-json\/wp\/v2\/types\/page\/"}],"author":[{"embeddable":true,"href":"https:\/\/www.sjpack.com\/fr\/wp-json\/wp\/v2\/users\/5\/"}],"replies":[{"embeddable":true,"href":"https:\/\/www.sjpack.com\/fr\/wp-json\/wp\/v2\/comments\/?post=175"}],"version-history":[{"count":8,"href":"https:\/\/www.sjpack.com\/fr\/wp-json\/wp\/v2\/pages\/175\/revisions\/"}],"predecessor-version":[{"id":6809,"href":"https:\/\/www.sjpack.com\/fr\/wp-json\/wp\/v2\/pages\/175\/revisions\/6809\/"}],"wp:attachment":[{"href":"https:\/\/www.sjpack.com\/fr\/wp-json\/wp\/v2\/media\/?parent=175"}],"curies":[{"name":"wp","href":"https:\/\/api.w.org\/{rel}","templated":true}]}}