{"id":172,"date":"2018-05-28T16:14:26","date_gmt":"2018-05-28T20:14:26","guid":{"rendered":"https:\/\/www.sjpack.com\/usines\/"},"modified":"2026-01-23T03:33:42","modified_gmt":"2026-01-23T08:33:42","slug":"usines","status":"publish","type":"page","link":"https:\/\/www.sjpack.com\/fr\/usines\/","title":{"rendered":"Usines"},"content":{"rendered":"<h3 class=\"factory__title headline headline--block headline--weight--black headline--color--primary\">Une pr\u00e9sence mondiale<\/h3>\n<p>Emballage St-Jean, ce sont 11 usines r\u00e9parties en Am\u00e9rique du Nord, Europe et en Asie-Pacifique au service de vos besoins.\u00a0<\/p>\n<h3><img loading=\"lazy\" class=\"alignleft size-full wp-image-5836\" src=\"\/wp-content\/uploads\/2026\/01\/French-Map.png\" alt=\"\" width=\"1016\" height=\"574\" \/><\/h3>\n","protected":false},"excerpt":{"rendered":"<p>Une pr\u00e9sence mondiale Emballage St-Jean, ce sont 11 usines r\u00e9parties en Am\u00e9rique du Nord, Europe et en Asie-Pacifique au service de vos besoins.\u00a0<\/p>\n","protected":false},"author":5,"featured_media":0,"parent":0,"menu_order":10,"comment_status":"closed","ping_status":"closed","template":"templates\/tpl_factories.php","meta":[],"yoast_head":"<!-- This site is optimized with the Yoast SEO plugin v15.2.1 - https:\/\/yoast.com\/wordpress\/plugins\/seo\/ -->\n<meta name=\"description\" content=\"Nos usines \u00e0 travers le monde nous permettent de vous offrir flexibilit\u00e9 et volume. Apprenez-en plus nos huit usines aux vocations compl\u00e9mentaires...\" \/>\n<meta name=\"robots\" content=\"index, follow, max-snippet:-1, max-image-preview:large, max-video-preview:-1\" \/>\n<link rel=\"canonical\" href=\"https:\/\/www.sjpack.com\/fr\/usines\/\" \/>\n<meta property=\"og:locale\" content=\"fr_CA\" \/>\n<meta property=\"og:type\" content=\"article\" \/>\n<meta property=\"og:title\" content=\"Huit usines pour r\u00e9pondre \u00e0 tous vos besoins | Emballage St-Jean\" \/>\n<meta property=\"og:description\" content=\"Nos usines \u00e0 travers le monde nous permettent de vous offrir flexibilit\u00e9 et volume. Apprenez-en plus nos huit usines aux vocations compl\u00e9mentaires...\" \/>\n<meta property=\"og:url\" content=\"https:\/\/www.sjpack.com\/fr\/usines\/\" \/>\n<meta property=\"og:site_name\" content=\"Emballage St-Jean\" \/>\n<meta property=\"article:modified_time\" content=\"2026-01-23T08:33:42+00:00\" \/>\n<meta property=\"og:image\" content=\"https:\/\/www.sjpack.com\/wp-content\/uploads\/2026\/01\/French-Map.png\" \/>\n<meta property=\"fb:app_id\" content=\"611750349471594\" \/>\n<meta name=\"twitter:label1\" content=\"Written by\">\n\t<meta name=\"twitter:data1\" content=\"Genevieve Remillard\">\n\t<meta name=\"twitter:label2\" content=\"Est. reading time\">\n\t<meta name=\"twitter:data2\" content=\"0 minute\">\n<script type=\"application\/ld+json\" class=\"yoast-schema-graph\">{\"@context\":\"https:\/\/schema.org\",\"@graph\":[{\"@type\":\"WebSite\",\"@id\":\"https:\/\/www.sjpack.com\/#website\",\"url\":\"https:\/\/www.sjpack.com\/\",\"name\":\"Emballage St-Jean\",\"description\":\"\",\"potentialAction\":[{\"@type\":\"SearchAction\",\"target\":\"https:\/\/www.sjpack.com\/?s={search_term_string}\",\"query-input\":\"required name=search_term_string\"}],\"inLanguage\":\"fr-CA\"},{\"@type\":\"ImageObject\",\"@id\":\"https:\/\/www.sjpack.com\/fr\/usines\/#primaryimage\",\"inLanguage\":\"fr-CA\",\"url\":\"\/wp-content\/uploads\/2026\/01\/French-Map.png\"},{\"@type\":\"WebPage\",\"@id\":\"https:\/\/www.sjpack.com\/fr\/usines\/#webpage\",\"url\":\"https:\/\/www.sjpack.com\/fr\/usines\/\",\"name\":\"Huit usines pour r\\u00e9pondre \\u00e0 tous vos besoins | Emballage St-Jean\",\"isPartOf\":{\"@id\":\"https:\/\/www.sjpack.com\/#website\"},\"primaryImageOfPage\":{\"@id\":\"https:\/\/www.sjpack.com\/fr\/usines\/#primaryimage\"},\"datePublished\":\"2018-05-28T20:14:26+00:00\",\"dateModified\":\"2026-01-23T08:33:42+00:00\",\"description\":\"Nos usines \\u00e0 travers le monde nous permettent de vous offrir flexibilit\\u00e9 et volume. Apprenez-en plus nos huit usines aux vocations compl\\u00e9mentaires...\",\"inLanguage\":\"fr-CA\",\"potentialAction\":[{\"@type\":\"ReadAction\",\"target\":[\"https:\/\/www.sjpack.com\/fr\/usines\/\"]}]}]}<\/script>\n<!-- \/ Yoast SEO plugin. -->","_links":{"self":[{"href":"https:\/\/www.sjpack.com\/fr\/wp-json\/wp\/v2\/pages\/172\/"}],"collection":[{"href":"https:\/\/www.sjpack.com\/fr\/wp-json\/wp\/v2\/pages\/"}],"about":[{"href":"https:\/\/www.sjpack.com\/fr\/wp-json\/wp\/v2\/types\/page\/"}],"author":[{"embeddable":true,"href":"https:\/\/www.sjpack.com\/fr\/wp-json\/wp\/v2\/users\/5\/"}],"replies":[{"embeddable":true,"href":"https:\/\/www.sjpack.com\/fr\/wp-json\/wp\/v2\/comments\/?post=172"}],"version-history":[{"count":6,"href":"https:\/\/www.sjpack.com\/fr\/wp-json\/wp\/v2\/pages\/172\/revisions\/"}],"predecessor-version":[{"id":6823,"href":"https:\/\/www.sjpack.com\/fr\/wp-json\/wp\/v2\/pages\/172\/revisions\/6823\/"}],"wp:attachment":[{"href":"https:\/\/www.sjpack.com\/fr\/wp-json\/wp\/v2\/media\/?parent=172"}],"curies":[{"name":"wp","href":"https:\/\/api.w.org\/{rel}","templated":true}]}}