{"id":6484,"date":"2025-04-15T08:02:44","date_gmt":"2025-04-15T12:02:44","guid":{"rendered":"https:\/\/www.sjpack.com\/?page_id=6484"},"modified":"2025-06-09T04:55:20","modified_gmt":"2025-06-09T08:55:20","slug":"speak-up-intake-form","status":"publish","type":"page","link":"https:\/\/www.sjpack.com\/es\/speak-up-intake-form\/","title":{"rendered":"Speak Up Intake Form &#8211; ES"},"content":{"rendered":"<div class=\"form-div\">\n<h2 class=\"form-div-heading\">Formulario de recepci\u00f3n de quejas<\/h2>\n<p class=\"form-sub\">Este formulario proporcionar\u00e1 una manera para que los empleados, socios comerciales y otros informen cualquier violaci\u00f3n de nuestro c\u00f3digo de conducta, nuestras pol\u00edticas o leyes aplicables. <span class=\"bold-itac\">Esto podr\u00eda incluir, por ejemplo, una violaci\u00f3n grave de la seguridad o calidad del producto, pr\u00e1cticas comerciales poco \u00e9ticas o actividad ilegal de cualquier tipo. <\/span>  Por favor complete este formulario para informar una queja en cualquiera de nuestros sitios y que no se sienta c\u00f3modo planteando a trav\u00e9s de los canales locales.<\/p>\n\n                <div class='gf_browser_gecko gform_wrapper intake-form_wrapper' id='gform_wrapper_288' style='display:none'><div id='gf_288' class='gform_anchor' tabindex='-1'><\/div><form method='post' enctype='multipart\/form-data' target='gform_ajax_frame_288' id='gform_288' class='intake-form' action='\/es\/wp-json\/wp\/v2\/pages\/6484\/#gf_288'>\n                        <div class='gform_body'><ul id='gform_fields_288' class='gform_fields top_label form_sublabel_below description_below'><li id='field_288_1'  class='gfield gfield_contains_required field_sublabel_below field_description_below gfield_visibility_visible' ><label class='gfield_label'  >\u00bfLe gustar\u00eda permanecer an\u00f3nimo?<span class='gfield_required'>*<\/span><\/label><div class='ginput_container ginput_container_radio'><ul class='gfield_radio' id='input_288_1'><li class='gchoice_288_1_0'><input name='input_1' type='radio' value='S\u00ed'  id='choice_288_1_0'    \/><label for='choice_288_1_0' id='label_288_1_0'>S\u00ed<\/label><\/li><li class='gchoice_288_1_1'><input name='input_1' type='radio' value='No' checked='checked' id='choice_288_1_1'    \/><label for='choice_288_1_1' id='label_288_1_1'>No<\/label><\/li><\/ul><\/div><\/li><li id='field_288_2'  class='gfield gsection field_sublabel_below field_description_below gfield_visibility_visible' ><h2 class='gsection_title'>Detalles de contacto<\/h2><\/li><li id='field_288_3'  class='gfield field_sublabel_below field_description_below gfield_visibility_visible' ><label class='gfield_label' for='input_288_3' >Nombre<\/label><div class='ginput_container ginput_container_text'><input name='input_3' id='input_288_3' type='text' value='' class='large'      aria-invalid=\"false\" \/><\/div><\/li><li id='field_288_4'  class='gfield field_sublabel_below field_description_below gfield_visibility_visible' ><label class='gfield_label' for='input_288_4' >Correo electr\u00f3nico de contacto<\/label><div class='ginput_container ginput_container_email'>\n                            <input name='input_4' id='input_288_4' type='email' value='' class='large'     aria-invalid=\"false\" \/>\n                        <\/div><\/li><li id='field_288_5'  class='gfield field_sublabel_below field_description_below gfield_visibility_visible' ><label class='gfield_label' for='input_288_5' >N\u00famero de tel\u00e9fono de contacto<\/label><div class='ginput_container ginput_container_phone'><input name='input_5' id='input_288_5' type='tel' value='' class='large'    aria-invalid=\"false\"  \/><\/div><\/li><li id='field_288_6'  class='gfield gfield_contains_required field_sublabel_below field_description_below gfield_visibility_visible' ><label class='gfield_label'  >\u00bfEs usted un empleado de St. Johns Packaging?<span class='gfield_required'>*<\/span><\/label><div class='ginput_container ginput_container_radio'><ul class='gfield_radio' id='input_288_6'><li class='gchoice_288_6_0'><input name='input_6' type='radio' value='S\u00ed'  id='choice_288_6_0'    \/><label for='choice_288_6_0' id='label_288_6_0'>S\u00ed<\/label><\/li><li class='gchoice_288_6_1'><input name='input_6' type='radio' value='No'  id='choice_288_6_1'    \/><label for='choice_288_6_1' id='label_288_6_1'>No<\/label><\/li><\/ul><\/div><\/li><li id='field_288_16'  class='gfield gfield_contains_required field_sublabel_below field_description_below gfield_visibility_visible' ><label class='gfield_label' for='input_288_16' >\u00bfA qu\u00e9 sitio de St. Johns Packaging se refiere esta queja?<span class='gfield_required'>*<\/span><\/label><div class='ginput_container ginput_container_select'><select name='input_16' id='input_288_16' class='large gfield_select'   aria-required=\"true\" aria-invalid=\"false\"><option value='' selected='selected' class='gf_placeholder'>Seleccione ubicaci\u00f3n<\/option><option value='St-Luc, Canad\u00e1' >St-Luc, Canad\u00e1<\/option><option value='St-Jean extrusion, Canad\u00e1' >St-Jean extrusion, Canad\u00e1<\/option><option value='Point-aux-Trembles, Canad\u00e1' >Point-aux-Trembles, Canad\u00e1<\/option><option value='Greensboro, Estados Unidos' >Greensboro, Estados Unidos<\/option><option value='Ilkeston, Reino Unido' >Ilkeston, Reino Unido<\/option><option value='Guadalajara, M\u00e9xico' >Guadalajara, M\u00e9xico<\/option><option value='Leon, M\u00e9xico' >Leon, M\u00e9xico<\/option><option value='GPF, Vietnam' >GPF, Vietnam<\/option><option value='SJPV, Vietnam' >SJPV, Vietnam<\/option><option value='SJPK, China' >SJPK, China<\/option><option value='Otro' >Otro<\/option><\/select><\/div><\/li><li id='field_288_17'  class='gfield field_sublabel_below field_description_below gfield_visibility_visible' ><label class='gfield_label' for='input_288_17' >Especificar otra ubicaci\u00f3n<\/label><div class='ginput_container ginput_container_textarea'><textarea name='input_17' id='input_288_17' class='textarea medium'      aria-invalid=\"false\"   rows='10' cols='50'><\/textarea><\/div><\/li><li id='field_288_8'  class='gfield concern-field-sec gfield_contains_required field_sublabel_below field_description_below gfield_visibility_visible' ><label class='gfield_label' for='input_288_8' >Naturaleza de su preocupaci\u00f3n?<span class='gfield_required'>*<\/span><\/label><div class='ginput_container ginput_container_select'><select name='input_8' id='input_288_8' class='large gfield_select'   aria-required=\"true\" aria-invalid=\"false\"><option value='' selected='selected' class='gf_placeholder'>Por favor seleccione la naturaleza de su preocupaci\u00f3n<\/option><option value='Actividades criminales o ilegales potenciales en curso' >Actividades criminales o ilegales potenciales en curso<\/option><option value='Riesgo grave para la salud y la seguridad' >Riesgo grave para la salud y la seguridad<\/option><option value='Riesgo grave de da\u00f1o al medio ambiente' >Riesgo grave de da\u00f1o al medio ambiente<\/option><option value='Riesgo grave para la seguridad y calidad del producto' >Riesgo grave para la seguridad y calidad del producto<\/option><option value='Violaci\u00f3n potencial de los derechos humanos' >Violaci\u00f3n potencial de los derechos humanos<\/option><option value='Acoso' >Acoso<\/option><option value='Otro (por favor indique detalles)' >Otro (por favor indique detalles)<\/option><\/select><\/div><\/li><li id='field_288_9'  class='gfield gfield_contains_required field_sublabel_below field_description_below gfield_visibility_visible' ><label class='gfield_label' for='input_288_9' >Detalle<span class='gfield_required'>*<\/span><\/label><div class='ginput_container ginput_container_textarea'><textarea name='input_9' id='input_288_9' class='textarea large'     aria-required=\"true\" aria-invalid=\"false\"   rows='10' cols='50'><\/textarea><\/div><\/li><li id='field_288_19'  class='gfield gfield_contains_required field_sublabel_below field_description_below gfield_visibility_visible' ><label class='gfield_label' for='input_288_19' >Describa su queja. Por favor proporcione toda la informaci\u00f3n de fondo relevante a su preocupaci\u00f3n, incluidas las fechas clave y los testigos<span class='gfield_required'>*<\/span><\/label><div class='ginput_container ginput_container_textarea'><textarea name='input_19' id='input_288_19' class='textarea medium'     aria-required=\"true\" aria-invalid=\"false\"   rows='10' cols='50'><\/textarea><\/div><\/li><li id='field_288_11'  class='gfield field_sublabel_below field_description_below gfield_visibility_visible' ><label class='gfield_label'  >Por favor cargue pruebas, documentos, fotos, videos, etc. aqu\u00ed.<\/label><div class='ginput_container ginput_container_fileupload'><div id='gform_multifile_upload_288_11' data-settings='{&quot;runtimes&quot;:&quot;html5,flash,html4&quot;,&quot;browse_button&quot;:&quot;gform_browse_button_288_11&quot;,&quot;container&quot;:&quot;gform_multifile_upload_288_11&quot;,&quot;drop_element&quot;:&quot;gform_drag_drop_area_288_11&quot;,&quot;filelist&quot;:&quot;gform_preview_288_11&quot;,&quot;unique_names&quot;:true,&quot;file_data_name&quot;:&quot;file&quot;,&quot;url&quot;:&quot;https:\\\/\\\/www.sjpack.com\\\/?gf_page=27595fe8305822a&quot;,&quot;flash_swf_url&quot;:&quot;https:\\\/\\\/www.sjpack.com\\\/wp-includes\\\/js\\\/plupload\\\/plupload.flash.swf&quot;,&quot;silverlight_xap_url&quot;:&quot;https:\\\/\\\/www.sjpack.com\\\/wp-includes\\\/js\\\/plupload\\\/plupload.silverlight.xap&quot;,&quot;filters&quot;:{&quot;mime_types&quot;:[{&quot;title&quot;:&quot;Archivos permitidos&quot;,&quot;extensions&quot;:&quot;*&quot;}],&quot;max_file_size&quot;:&quot;134217728b&quot;},&quot;multipart&quot;:true,&quot;urlstream_upload&quot;:false,&quot;multipart_params&quot;:{&quot;form_id&quot;:288,&quot;field_id&quot;:11},&quot;gf_vars&quot;:{&quot;max_files&quot;:0,&quot;message_id&quot;:&quot;gform_multifile_messages_288_11&quot;,&quot;disallowed_extensions&quot;:[&quot;php&quot;,&quot;asp&quot;,&quot;aspx&quot;,&quot;cmd&quot;,&quot;csh&quot;,&quot;bat&quot;,&quot;html&quot;,&quot;htm&quot;,&quot;hta&quot;,&quot;jar&quot;,&quot;exe&quot;,&quot;com&quot;,&quot;js&quot;,&quot;lnk&quot;,&quot;htaccess&quot;,&quot;phtml&quot;,&quot;ps1&quot;,&quot;ps2&quot;,&quot;php3&quot;,&quot;php4&quot;,&quot;php5&quot;,&quot;php6&quot;,&quot;py&quot;,&quot;rb&quot;,&quot;tmp&quot;]}}' class='gform_fileupload_multifile'>\n\t\t\t\t\t\t\t\t\t\t<div id='gform_drag_drop_area_288_11' class='gform_drop_area'>\n\t\t\t\t\t\t\t\t\t\t\t<span class='gform_drop_instructions'>Suelta archivos aqu\u00ed o <\/span>\n\t\t\t\t\t\t\t\t\t\t\t<input id='gform_browse_button_288_11' type='button' value='Selecciona archivos' class='button gform_button_select_files' aria-describedby='extensions_message_288_11'  \/>\n\t\t\t\t\t\t\t\t\t\t<\/div>\n\t\t\t\t\t\t\t\t\t<\/div><span id='extensions_message_288_11' class='screen-reader-text'><\/span><div class='validation_message'>\n\t\t\t\t\t\t\t\t<ul id='gform_multifile_messages_288_11'>\n\t\t\t\t\t\t\t\t<\/ul>\n\t\t\t\t\t\t\t<\/div><\/div><div id='gform_preview_288_11'><\/div><\/li><li id='field_288_12'  class='gfield gsection field_sublabel_below field_description_below gfield_visibility_visible' ><h2 class='gsection_title'><\/h2><\/li><li id='field_288_13'  class='gfield gfield_contains_required field_sublabel_below field_description_below gfield_visibility_visible' ><label class='gfield_label' for='input_288_13' >\u00bfHa informado la preocupaci\u00f3n a alguna otra persona u organizaci\u00f3n? Si es as\u00ed, por favor proporcione los detalles de qui\u00e9n, cu\u00e1ndo y cu\u00e1l fue la respuesta.<span class='gfield_required'>*<\/span><\/label><div class='ginput_container ginput_container_textarea'><textarea name='input_13' id='input_288_13' class='textarea large'     aria-required=\"true\" aria-invalid=\"false\"   rows='10' cols='50'><\/textarea><\/div><\/li><li id='field_288_15'  class='gfield cap-sec field_sublabel_below field_description_below hidden_label gfield_visibility_visible' ><label class='gfield_label' for='input_288_15' >CAPTCHA<\/label><div id='input_288_15' class='ginput_container ginput_recaptcha' data-sitekey='6LexdRIrAAAAAMxvqfOzdqs08YgpWa7NUMd3sJJS'  data-theme='light' data-tabindex='-1' data-size='invisible' data-badge='bottomright'><\/div><\/li>\n                            <\/ul><\/div>\n        <div class='gform_footer top_label'> <input type='submit' id='gform_submit_button_288' class='gform_button button' value='Enviar'  onclick='if(window[\"gf_submitting_288\"]){return false;}  if( !jQuery(\"#gform_288\")[0].checkValidity || jQuery(\"#gform_288\")[0].checkValidity()){window[\"gf_submitting_288\"]=true;}  ' onkeypress='if( event.keyCode == 13 ){ if(window[\"gf_submitting_288\"]){return false;} if( !jQuery(\"#gform_288\")[0].checkValidity || jQuery(\"#gform_288\")[0].checkValidity()){window[\"gf_submitting_288\"]=true;}  jQuery(\"#gform_288\").trigger(\"submit\",[true]); }' \/> <input type='hidden' name='gform_ajax' value='form_id=288&amp;title=&amp;description=&amp;tabindex=0' \/>\n            <input type='hidden' class='gform_hidden' name='is_submit_288' value='1' \/>\n            <input type='hidden' class='gform_hidden' name='gform_submit' value='288' \/>\n            \n            <input type='hidden' class='gform_hidden' name='gform_unique_id' value='' \/>\n            <input type='hidden' class='gform_hidden' name='state_288' value='WyJbXSIsIjNmODUyZTMzMmE4OTJmMTk0NjU4ZjUzZmRlNDFmZWY2Il0=' \/>\n            <input type='hidden' class='gform_hidden' name='gform_target_page_number_288' id='gform_target_page_number_288' value='0' \/>\n            <input type='hidden' class='gform_hidden' name='gform_source_page_number_288' id='gform_source_page_number_288' value='1' \/>\n            <input type='hidden' name='gform_field_values' value='' \/>\n            <input type='hidden' name='gform_uploaded_files' id='gform_uploaded_files_288' value='' \/>\n        <\/div>\n                        <\/form>\n                        <\/div>\n                <iframe style='display:none;width:0px;height:0px;' src='about:blank' name='gform_ajax_frame_288' id='gform_ajax_frame_288' title='Este iframe contiene la l\u00f3gica necesaria para gestionar formularios con ajax activado.'><\/iframe>\n                <script type='text\/javascript'>jQuery(document).ready(function($){gformInitSpinner( 288, 'https:\/\/www.sjpack.com\/wp-content\/plugins\/gravityforms\/images\/spinner.gif' );jQuery('#gform_ajax_frame_288').on('load',function(){var contents = jQuery(this).contents().find('*').html();var is_postback = contents.indexOf('GF_AJAX_POSTBACK') >= 0;if(!is_postback){return;}var form_content = jQuery(this).contents().find('#gform_wrapper_288');var is_confirmation = jQuery(this).contents().find('#gform_confirmation_wrapper_288').length > 0;var is_redirect = contents.indexOf('gformRedirect(){') >= 0;var is_form = form_content.length > 0 && ! is_redirect && ! is_confirmation;var mt = parseInt(jQuery('html').css('margin-top'), 10) + parseInt(jQuery('body').css('margin-top'), 10) + 100;if(is_form){jQuery('#gform_wrapper_288').html(form_content.html());if(form_content.hasClass('gform_validation_error')){jQuery('#gform_wrapper_288').addClass('gform_validation_error');} else {jQuery('#gform_wrapper_288').removeClass('gform_validation_error');}setTimeout( function() { \/* delay the scroll by 50 milliseconds to fix a bug in chrome *\/ jQuery(document).scrollTop(jQuery('#gform_wrapper_288').offset().top - mt); }, 50 );if(window['gformInitDatepicker']) {gformInitDatepicker();}if(window['gformInitPriceFields']) {gformInitPriceFields();}var current_page = jQuery('#gform_source_page_number_288').val();gformInitSpinner( 288, 'https:\/\/www.sjpack.com\/wp-content\/plugins\/gravityforms\/images\/spinner.gif' );jQuery(document).trigger('gform_page_loaded', [288, current_page]);window['gf_submitting_288'] = false;}else if(!is_redirect){var confirmation_content = jQuery(this).contents().find('.GF_AJAX_POSTBACK').html();if(!confirmation_content){confirmation_content = contents;}setTimeout(function(){jQuery('#gform_wrapper_288').replaceWith(confirmation_content);jQuery(document).scrollTop(jQuery('#gf_288').offset().top - mt);jQuery(document).trigger('gform_confirmation_loaded', [288]);window['gf_submitting_288'] = false;}, 50);}else{jQuery('#gform_288').append(contents);if(window['gformRedirect']) {gformRedirect();}}jQuery(document).trigger('gform_post_render', [288, current_page]);} );} );<\/script><script type='text\/javascript'> jQuery(document).bind('gform_post_render', function(event, formId, currentPage){if(formId == 288) {gf_global[\"number_formats\"][288] = {\"1\":{\"price\":false,\"value\":false},\"2\":{\"price\":false,\"value\":false},\"3\":{\"price\":false,\"value\":false},\"4\":{\"price\":false,\"value\":false},\"5\":{\"price\":false,\"value\":false},\"6\":{\"price\":false,\"value\":false},\"16\":{\"price\":false,\"value\":false},\"17\":{\"price\":false,\"value\":false},\"8\":{\"price\":false,\"value\":false},\"9\":{\"price\":false,\"value\":false},\"19\":{\"price\":false,\"value\":false},\"11\":{\"price\":false,\"value\":false},\"12\":{\"price\":false,\"value\":false},\"13\":{\"price\":false,\"value\":false},\"15\":{\"price\":false,\"value\":false}};if(window['jQuery']){if(!window['gf_form_conditional_logic'])window['gf_form_conditional_logic'] = new Array();window['gf_form_conditional_logic'][288] = { logic: { 17: {\"field\":{\"actionType\":\"show\",\"logicType\":\"all\",\"rules\":[{\"fieldId\":\"16\",\"operator\":\"is\",\"value\":\"Otro\"}]},\"nextButton\":null,\"section\":\"\"},9: {\"field\":{\"actionType\":\"show\",\"logicType\":\"all\",\"rules\":[{\"fieldId\":\"8\",\"operator\":\"is\",\"value\":\"Otro (por favor indique detalles)\"}]},\"nextButton\":null,\"section\":\"\"} }, dependents: { 17: [17],9: [9] }, animation: 0, defaults: {\"1\":[\"choice_288_1_1\"]}, fields: {\"1\":[],\"2\":[],\"3\":[],\"4\":[],\"5\":[],\"6\":[],\"16\":[17],\"17\":[],\"8\":[9],\"9\":[],\"19\":[],\"11\":[],\"12\":[],\"13\":[],\"15\":[]} }; if(!window['gf_number_format'])window['gf_number_format'] = 'decimal_comma';jQuery(document).ready(function(){gf_apply_rules(288, [17,9], true);jQuery('#gform_wrapper_288').show();jQuery(document).trigger('gform_post_conditional_logic', [288, null, true]);} );} if(typeof Placeholders != 'undefined'){\n                        Placeholders.enable();\n                    }} } );jQuery(document).bind('gform_post_conditional_logic', function(event, formId, fields, isInit){} );<\/script><script type='text\/javascript'> jQuery(document).ready(function(){jQuery(document).trigger('gform_post_render', [288, 1]) } ); <\/script><\/div>\n","protected":false},"excerpt":{"rendered":"<p>Formulario de recepci\u00f3n de quejas Este formulario proporcionar\u00e1 una manera para que los empleados, socios comerciales y otros informen cualquier violaci\u00f3n de nuestro c\u00f3digo de conducta, nuestras pol\u00edticas o leyes aplicables. Esto podr\u00eda incluir, por ejemplo, una violaci\u00f3n grave de la seguridad o calidad del producto, pr\u00e1cticas comerciales poco \u00e9ticas o actividad ilegal de cualquier [&hellip;]<\/p>\n","protected":false},"author":5,"featured_media":0,"parent":0,"menu_order":0,"comment_status":"closed","ping_status":"closed","template":"","meta":[],"yoast_head":"<!-- This site is optimized with the Yoast SEO plugin v15.2.1 - https:\/\/yoast.com\/wordpress\/plugins\/seo\/ -->\n<meta name=\"robots\" content=\"noindex, nofollow\" \/>\n<meta property=\"og:locale\" content=\"es_ES\" \/>\n<meta property=\"og:type\" content=\"article\" \/>\n<meta property=\"og:title\" content=\"Speak Up Intake Form - ES - St. Johns Packaging\" \/>\n<meta property=\"og:description\" content=\"Formulario de recepci\u00f3n de quejas Este formulario proporcionar\u00e1 una manera para que los empleados, socios comerciales y otros informen cualquier violaci\u00f3n de nuestro c\u00f3digo de conducta, nuestras pol\u00edticas o leyes aplicables. Esto podr\u00eda incluir, por ejemplo, una violaci\u00f3n grave de la seguridad o calidad del producto, pr\u00e1cticas comerciales poco \u00e9ticas o actividad ilegal de cualquier [&hellip;]\" \/>\n<meta property=\"og:url\" content=\"https:\/\/www.sjpack.com\/es\/speak-up-intake-form\/\" \/>\n<meta property=\"og:site_name\" content=\"St. Johns Packaging\" \/>\n<meta property=\"article:modified_time\" content=\"2025-06-09T08:55:20+00:00\" \/>\n<meta property=\"og:image\" content=\"https:\/\/www.sjpack.com\/wp-content\/uploads\/2018\/06\/share.png\" \/>\n\t<meta property=\"og:image:width\" content=\"1200\" \/>\n\t<meta property=\"og:image:height\" content=\"630\" \/>\n<meta property=\"fb:app_id\" content=\"611750349471594\" \/>\n<meta name=\"twitter:label1\" content=\"Escrito por\">\n\t<meta name=\"twitter:data1\" content=\"Genevieve Remillard\">\n\t<meta name=\"twitter:label2\" content=\"Tiempo de lectura\">\n\t<meta name=\"twitter:data2\" content=\"0 minutos\">\n<script type=\"application\/ld+json\" class=\"yoast-schema-graph\">{\"@context\":\"https:\/\/schema.org\",\"@graph\":[{\"@type\":\"WebSite\",\"@id\":\"https:\/\/www.sjpack.com\/#website\",\"url\":\"https:\/\/www.sjpack.com\/\",\"name\":\"St. Johns Packaging\",\"description\":\"\",\"potentialAction\":[{\"@type\":\"SearchAction\",\"target\":\"https:\/\/www.sjpack.com\/?s={search_term_string}\",\"query-input\":\"required name=search_term_string\"}],\"inLanguage\":\"es\"},{\"@type\":\"WebPage\",\"@id\":\"https:\/\/www.sjpack.com\/es\/speak-up-intake-form\/#webpage\",\"url\":\"https:\/\/www.sjpack.com\/es\/speak-up-intake-form\/\",\"name\":\"Speak Up Intake Form - ES - St. Johns Packaging\",\"isPartOf\":{\"@id\":\"https:\/\/www.sjpack.com\/#website\"},\"datePublished\":\"2025-04-15T12:02:44+00:00\",\"dateModified\":\"2025-06-09T08:55:20+00:00\",\"inLanguage\":\"es\",\"potentialAction\":[{\"@type\":\"ReadAction\",\"target\":[\"https:\/\/www.sjpack.com\/es\/speak-up-intake-form\/\"]}]}]}<\/script>\n<!-- \/ Yoast SEO plugin. -->","_links":{"self":[{"href":"https:\/\/www.sjpack.com\/es\/wp-json\/wp\/v2\/pages\/6484\/"}],"collection":[{"href":"https:\/\/www.sjpack.com\/es\/wp-json\/wp\/v2\/pages\/"}],"about":[{"href":"https:\/\/www.sjpack.com\/es\/wp-json\/wp\/v2\/types\/page\/"}],"author":[{"embeddable":true,"href":"https:\/\/www.sjpack.com\/es\/wp-json\/wp\/v2\/users\/5\/"}],"replies":[{"embeddable":true,"href":"https:\/\/www.sjpack.com\/es\/wp-json\/wp\/v2\/comments\/?post=6484"}],"version-history":[{"count":3,"href":"https:\/\/www.sjpack.com\/es\/wp-json\/wp\/v2\/pages\/6484\/revisions\/"}],"predecessor-version":[{"id":6552,"href":"https:\/\/www.sjpack.com\/es\/wp-json\/wp\/v2\/pages\/6484\/revisions\/6552\/"}],"wp:attachment":[{"href":"https:\/\/www.sjpack.com\/es\/wp-json\/wp\/v2\/media\/?parent=6484"}],"curies":[{"name":"wp","href":"https:\/\/api.w.org\/{rel}","templated":true}]}}