{"id":6222,"date":"2024-05-09T08:34:41","date_gmt":"2024-05-09T12:34:41","guid":{"rendered":"https:\/\/www.sjpack.com\/?page_id=6222"},"modified":"2024-05-10T06:52:45","modified_gmt":"2024-05-10T10:52:45","slug":"plasticos-uribe-s-a-de-c-v","status":"publish","type":"page","link":"https:\/\/www.sjpack.com\/es\/plasticos-uribe-s-a-de-c-v\/","title":{"rendered":"Plasticos Uribe S.A. de C.V."},"content":{"rendered":"<div class=\"privacy-grid\">\n<div class=\"priv-card\">\n<div class=\"card-title\">\n<h3>Aviso de Privacidad Prospectos y Clientes <\/h3>\n<\/div>\n<div class=\"card-footer\"><a href=\"\/wp-content\/uploads\/2024\/05\/Aviso-de-Privacidad-Prospectos-y-Clientes-Guadalajara.pdf\" target=\"_blank\" rel=\"noopener noreferrer\"><img src=\"\/wp-content\/uploads\/2024\/05\/download-file.svg\" \/> Da clic aqu\u00ed para descargar <\/a><\/div>\n<\/div>\n<div class=\"priv-card\">\n<div class=\"card-title\">\n<h3>Aviso de Privacidad Proveedores <\/h3>\n<\/div>\n<div class=\"card-footer\"><a href=\"\/wp-content\/uploads\/2024\/05\/Aviso-de-Privacidad-Proveedores-Guadalajara.pdf\" target=\"_blank\" rel=\"noopener noreferrer\"><img src=\"\/wp-content\/uploads\/2024\/05\/download-file.svg\" \/> Da clic aqu\u00ed para descargar <\/a><\/div>\n<\/div>\n<div class=\"priv-card\">\n<div class=\"card-title\">\n<h3>Solicitud para el ejercicio arco <\/h3>\n<\/div>\n<div class=\"card-footer\"><a href=\"\/wp-content\/uploads\/2024\/05\/Solicitud-para-el-ejercicio-arco-Guadalajara.pdf\" target=\"_blank\" rel=\"noopener noreferrer\"><img src=\"\/wp-content\/uploads\/2024\/05\/download-file.svg\" \/> Da clic aqu\u00ed para descargar <\/a><\/div>\n<\/div>\n<div class=\"priv-card\">\n<div class=\"card-title\">\n<h3>Solicitud para limitar el uso de divulgacion <\/h3>\n<\/div>\n<div class=\"card-footer\"><a href=\"\/wp-content\/uploads\/2024\/05\/Solicitud-para-limitar-el-uso-de-divulgacion-Guadalajara.pdf\" target=\"_blank\" rel=\"noopener noreferrer\"><img src=\"\/wp-content\/uploads\/2024\/05\/download-file.svg\" \/> Da clic aqu\u00ed para descargar <\/a><\/div>\n<\/div>\n<div class=\"priv-card\">\n<div class=\"card-title\">\n<h3>Solicitud para revocar el consentimiento<\/h3>\n<\/div>\n<div class=\"card-footer\"><a href=\"\/wp-content\/uploads\/2024\/05\/Solicitud-para-revocar-el-consentimiento-Guadalajara.pdf\" target=\"_blank\" rel=\"noopener noreferrer\"><img src=\"\/wp-content\/uploads\/2024\/05\/download-file.svg\" \/> Da clic aqu\u00ed para descargar<\/a><\/div>\n<\/div>\n<\/div>\n","protected":false},"excerpt":{"rendered":"<p>Aviso de Privacidad Prospectos y Clientes Da clic aqu\u00ed para descargar Aviso de Privacidad Proveedores Da clic aqu\u00ed para descargar Solicitud para el ejercicio arco Da clic aqu\u00ed para descargar Solicitud para limitar el uso de divulgacion Da clic aqu\u00ed para descargar Solicitud para revocar el consentimiento Da clic aqu\u00ed para descargar<\/p>\n","protected":false},"author":5,"featured_media":0,"parent":0,"menu_order":0,"comment_status":"closed","ping_status":"closed","template":"","meta":[],"yoast_head":"<!-- This site is optimized with the Yoast SEO plugin v15.2.1 - https:\/\/yoast.com\/wordpress\/plugins\/seo\/ -->\n<meta name=\"robots\" content=\"index, follow, max-snippet:-1, max-image-preview:large, max-video-preview:-1\" \/>\n<link rel=\"canonical\" href=\"https:\/\/www.sjpack.com\/es\/plasticos-uribe-s-a-de-c-v\/\" \/>\n<meta property=\"og:locale\" content=\"es_ES\" \/>\n<meta property=\"og:type\" content=\"article\" \/>\n<meta property=\"og:title\" content=\"Plasticos Uribe S.A. de C.V. - St. Johns Packaging\" \/>\n<meta property=\"og:description\" content=\"Aviso de Privacidad Prospectos y Clientes Da clic aqu\u00ed para descargar Aviso de Privacidad Proveedores Da clic aqu\u00ed para descargar Solicitud para el ejercicio arco Da clic aqu\u00ed para descargar Solicitud para limitar el uso de divulgacion Da clic aqu\u00ed para descargar Solicitud para revocar el consentimiento Da clic aqu\u00ed para descargar\" \/>\n<meta property=\"og:url\" content=\"https:\/\/www.sjpack.com\/es\/plasticos-uribe-s-a-de-c-v\/\" \/>\n<meta property=\"og:site_name\" content=\"St. Johns Packaging\" \/>\n<meta property=\"article:modified_time\" content=\"2024-05-10T10:52:45+00:00\" \/>\n<meta property=\"og:image\" content=\"https:\/\/www.sjpack.com\/wp-content\/uploads\/2024\/05\/download-file.svg\" \/>\n<meta property=\"fb:app_id\" content=\"611750349471594\" \/>\n<meta name=\"twitter:label1\" content=\"Escrito por\">\n\t<meta name=\"twitter:data1\" content=\"Genevieve Remillard\">\n\t<meta name=\"twitter:label2\" content=\"Tiempo de lectura\">\n\t<meta name=\"twitter:data2\" content=\"0 minutos\">\n<script type=\"application\/ld+json\" class=\"yoast-schema-graph\">{\"@context\":\"https:\/\/schema.org\",\"@graph\":[{\"@type\":\"WebSite\",\"@id\":\"https:\/\/www.sjpack.com\/#website\",\"url\":\"https:\/\/www.sjpack.com\/\",\"name\":\"St. Johns Packaging\",\"description\":\"\",\"potentialAction\":[{\"@type\":\"SearchAction\",\"target\":\"https:\/\/www.sjpack.com\/?s={search_term_string}\",\"query-input\":\"required name=search_term_string\"}],\"inLanguage\":\"es\"},{\"@type\":\"ImageObject\",\"@id\":\"https:\/\/www.sjpack.com\/es\/plasticos-uribe-s-a-de-c-v\/#primaryimage\",\"inLanguage\":\"es\",\"url\":\"\/wp-content\/uploads\/2024\/05\/download-file.svg\"},{\"@type\":\"WebPage\",\"@id\":\"https:\/\/www.sjpack.com\/es\/plasticos-uribe-s-a-de-c-v\/#webpage\",\"url\":\"https:\/\/www.sjpack.com\/es\/plasticos-uribe-s-a-de-c-v\/\",\"name\":\"Plasticos Uribe S.A. de C.V. - St. Johns Packaging\",\"isPartOf\":{\"@id\":\"https:\/\/www.sjpack.com\/#website\"},\"primaryImageOfPage\":{\"@id\":\"https:\/\/www.sjpack.com\/es\/plasticos-uribe-s-a-de-c-v\/#primaryimage\"},\"datePublished\":\"2024-05-09T12:34:41+00:00\",\"dateModified\":\"2024-05-10T10:52:45+00:00\",\"inLanguage\":\"es\",\"potentialAction\":[{\"@type\":\"ReadAction\",\"target\":[\"https:\/\/www.sjpack.com\/es\/plasticos-uribe-s-a-de-c-v\/\"]}]}]}<\/script>\n<!-- \/ Yoast SEO plugin. -->","_links":{"self":[{"href":"https:\/\/www.sjpack.com\/es\/wp-json\/wp\/v2\/pages\/6222\/"}],"collection":[{"href":"https:\/\/www.sjpack.com\/es\/wp-json\/wp\/v2\/pages\/"}],"about":[{"href":"https:\/\/www.sjpack.com\/es\/wp-json\/wp\/v2\/types\/page\/"}],"author":[{"embeddable":true,"href":"https:\/\/www.sjpack.com\/es\/wp-json\/wp\/v2\/users\/5\/"}],"replies":[{"embeddable":true,"href":"https:\/\/www.sjpack.com\/es\/wp-json\/wp\/v2\/comments\/?post=6222"}],"version-history":[{"count":3,"href":"https:\/\/www.sjpack.com\/es\/wp-json\/wp\/v2\/pages\/6222\/revisions\/"}],"predecessor-version":[{"id":6290,"href":"https:\/\/www.sjpack.com\/es\/wp-json\/wp\/v2\/pages\/6222\/revisions\/6290\/"}],"wp:attachment":[{"href":"https:\/\/www.sjpack.com\/es\/wp-json\/wp\/v2\/media\/?parent=6222"}],"curies":[{"name":"wp","href":"https:\/\/api.w.org\/{rel}","templated":true}]}}