{"id":4902,"date":"2021-03-10T04:24:19","date_gmt":"2021-03-10T09:24:19","guid":{"rendered":"https:\/\/www.sjpack.com\/?page_id=4902"},"modified":"2021-03-24T06:45:01","modified_gmt":"2021-03-24T10:45:01","slug":"corporate-social-responsibility","status":"publish","type":"page","link":"https:\/\/www.sjpack.com\/es\/corporate-social-responsibility\/","title":{"rendered":"Responsabilidad Social Corporativa"},"content":{"rendered":"<h3><b>\u00a1Juntos, por un futuro mejor!<\/b><\/h3>\n<p>Nuestros empleados son nuestro activo m\u00e1s valioso. Trabajamos duro desarrollando programas para mejorar su salud y bienestar, promoviendo la diversidad y la inclusi\u00f3n, y estableciendo una cultura de empoderamiento en todos los niveles de la organizaci\u00f3n. Estamos comprometidos a ayudar a las comunidades locales y promover la participaci\u00f3n de nuestros empleados en distintos proyectos comunitarios.\u00a0<\/p>\n","protected":false},"excerpt":{"rendered":"<p>\u00a1Juntos, por un futuro mejor! Nuestros empleados son nuestro activo m\u00e1s valioso. Trabajamos duro desarrollando programas para mejorar su salud y bienestar, promoviendo la diversidad y la inclusi\u00f3n, y estableciendo una cultura de empoderamiento en todos los niveles de la organizaci\u00f3n. Estamos comprometidos a ayudar a las comunidades locales y promover la participaci\u00f3n de nuestros [&hellip;]<\/p>\n","protected":false},"author":5,"featured_media":0,"parent":0,"menu_order":14,"comment_status":"closed","ping_status":"closed","template":"templates\/tpl_durable.php","meta":[],"yoast_head":"<!-- This site is optimized with the Yoast SEO plugin v15.2.1 - https:\/\/yoast.com\/wordpress\/plugins\/seo\/ -->\n<meta name=\"robots\" content=\"index, follow, max-snippet:-1, max-image-preview:large, max-video-preview:-1\" \/>\n<link rel=\"canonical\" href=\"https:\/\/www.sjpack.com\/es\/corporate-social-responsibility\/\" \/>\n<meta property=\"og:locale\" content=\"es_ES\" \/>\n<meta property=\"og:type\" content=\"article\" \/>\n<meta property=\"og:title\" content=\"Responsabilidad Social Corporativa - St. Johns Packaging\" \/>\n<meta property=\"og:description\" content=\"\u00a1Juntos, por un futuro mejor! Nuestros empleados son nuestro activo m\u00e1s valioso. Trabajamos duro desarrollando programas para mejorar su salud y bienestar, promoviendo la diversidad y la inclusi\u00f3n, y estableciendo una cultura de empoderamiento en todos los niveles de la organizaci\u00f3n. Estamos comprometidos a ayudar a las comunidades locales y promover la participaci\u00f3n de nuestros [&hellip;]\" \/>\n<meta property=\"og:url\" content=\"https:\/\/www.sjpack.com\/es\/corporate-social-responsibility\/\" \/>\n<meta property=\"og:site_name\" content=\"St. Johns Packaging\" \/>\n<meta property=\"article:modified_time\" content=\"2021-03-24T10:45:01+00:00\" \/>\n<meta property=\"og:image\" content=\"https:\/\/www.sjpack.com\/wp-content\/uploads\/2018\/06\/share.png\" \/>\n\t<meta property=\"og:image:width\" content=\"1200\" \/>\n\t<meta property=\"og:image:height\" content=\"630\" \/>\n<meta property=\"fb:app_id\" content=\"611750349471594\" \/>\n<meta name=\"twitter:label1\" content=\"Escrito por\">\n\t<meta name=\"twitter:data1\" content=\"Genevieve Remillard\">\n\t<meta name=\"twitter:label2\" content=\"Tiempo de lectura\">\n\t<meta name=\"twitter:data2\" content=\"0 minutos\">\n<script type=\"application\/ld+json\" class=\"yoast-schema-graph\">{\"@context\":\"https:\/\/schema.org\",\"@graph\":[{\"@type\":\"WebSite\",\"@id\":\"https:\/\/www.sjpack.com\/#website\",\"url\":\"https:\/\/www.sjpack.com\/\",\"name\":\"St. Johns Packaging\",\"description\":\"\",\"potentialAction\":[{\"@type\":\"SearchAction\",\"target\":\"https:\/\/www.sjpack.com\/?s={search_term_string}\",\"query-input\":\"required name=search_term_string\"}],\"inLanguage\":\"es\"},{\"@type\":\"WebPage\",\"@id\":\"https:\/\/www.sjpack.com\/es\/corporate-social-responsibility\/#webpage\",\"url\":\"https:\/\/www.sjpack.com\/es\/corporate-social-responsibility\/\",\"name\":\"Responsabilidad Social Corporativa - St. Johns Packaging\",\"isPartOf\":{\"@id\":\"https:\/\/www.sjpack.com\/#website\"},\"datePublished\":\"2021-03-10T09:24:19+00:00\",\"dateModified\":\"2021-03-24T10:45:01+00:00\",\"inLanguage\":\"es\",\"potentialAction\":[{\"@type\":\"ReadAction\",\"target\":[\"https:\/\/www.sjpack.com\/es\/corporate-social-responsibility\/\"]}]}]}<\/script>\n<!-- \/ Yoast SEO plugin. -->","_links":{"self":[{"href":"https:\/\/www.sjpack.com\/es\/wp-json\/wp\/v2\/pages\/4902\/"}],"collection":[{"href":"https:\/\/www.sjpack.com\/es\/wp-json\/wp\/v2\/pages\/"}],"about":[{"href":"https:\/\/www.sjpack.com\/es\/wp-json\/wp\/v2\/types\/page\/"}],"author":[{"embeddable":true,"href":"https:\/\/www.sjpack.com\/es\/wp-json\/wp\/v2\/users\/5\/"}],"replies":[{"embeddable":true,"href":"https:\/\/www.sjpack.com\/es\/wp-json\/wp\/v2\/comments\/?post=4902"}],"version-history":[{"count":4,"href":"https:\/\/www.sjpack.com\/es\/wp-json\/wp\/v2\/pages\/4902\/revisions\/"}],"predecessor-version":[{"id":5132,"href":"https:\/\/www.sjpack.com\/es\/wp-json\/wp\/v2\/pages\/4902\/revisions\/5132\/"}],"wp:attachment":[{"href":"https:\/\/www.sjpack.com\/es\/wp-json\/wp\/v2\/media\/?parent=4902"}],"curies":[{"name":"wp","href":"https:\/\/api.w.org\/{rel}","templated":true}]}}