{"id":3463,"date":"2018-06-15T16:26:57","date_gmt":"2018-06-15T20:26:57","guid":{"rendered":"https:\/\/www.sjpack.com\/about-us\/"},"modified":"2026-01-23T03:00:13","modified_gmt":"2026-01-23T08:00:13","slug":"about-us","status":"publish","type":"page","link":"https:\/\/www.sjpack.com\/es\/about-us\/","title":{"rendered":"Acerca de Nosotros"},"content":{"rendered":"<h3><strong>Qui\u00e9nes somos<\/strong><\/h3>\n<p>Fundada en 1954 por Ren\u00e9 J. Leclair, St. Johns Packaging es un fabricante <strong>verticalmente integrado<\/strong> de productos de empaque flexible que se venden a las principales empresas de alimentos y productos de consumo. Todav\u00eda controlada por la familia Leclair, la compa\u00f1\u00eda opera actualmente filiales de propiedad total en Canad\u00e1, Estados Unidos, M\u00e9xico, el Reino Unido, China, Vietnam y Australia, empleando a m\u00e1s de 950 empleados dedicados.<\/p>\n<h3><strong>Lo que hacemos<\/strong><\/h3>\n<p>Desempe\u00f1amos un <strong>papel vital<\/strong> en las cadenas esenciales de suministro de alimentos y atenci\u00f3n m\u00e9dica<\/p>\n<p><strong>Ayudamos a nuestros clientes a empacar, proteger, preservar y vender sus productos<\/strong>. La calidad de nuestras pel\u00edculas, bolsas y pouches permiten a nuestros clientes empacar sus productos de manera eficiente, proteger sus productos de la contaminaci\u00f3n, preservar sus alimentos y productos de cuidado personal, y entregar productos seguros a los consumidores<\/p>\n<p>Nuestros servicios gr\u00e1ficos y la calidad de nuestra impresi\u00f3n permiten a nuestros clientes ofrecer gr\u00e1ficos llamativos para sus productos en los estantes de las tiendas<\/p>\n<p>&nbsp;<\/p>\n","protected":false},"excerpt":{"rendered":"<p>Fundada en 1954 por Ren\u00e9 J. Leclair, St. Johns Packaging es un fabricante verticalmente integrado de productos de empaque flexible que se venden a las principales empresas de alimentos y productos de consumo. Todav\u00eda controlada por la familia Leclair, la compa\u00f1\u00eda opera actualmente filiales de propiedad total en Canad\u00e1, Estados Unidos, M\u00e9xico, el Reino Unido, China, Vietnam y Australia, empleando a m\u00e1s de 950 empleados dedicados.<\/p>\n","protected":false},"author":5,"featured_media":0,"parent":0,"menu_order":3,"comment_status":"closed","ping_status":"closed","template":"templates\/tpl_markets.php","meta":[],"yoast_head":"<!-- This site is optimized with the Yoast SEO plugin v15.2.1 - https:\/\/yoast.com\/wordpress\/plugins\/seo\/ -->\n<meta name=\"description\" content=\"St. Johns Packaging is a vertically integrated manufacturer of flexible packaging, with a focus in wicket bag manufacturing for the bread bag market.\" \/>\n<meta name=\"robots\" content=\"index, follow, max-snippet:-1, max-image-preview:large, max-video-preview:-1\" \/>\n<link rel=\"canonical\" href=\"https:\/\/www.sjpack.com\/es\/about-us\/\" \/>\n<meta property=\"og:locale\" content=\"es_ES\" \/>\n<meta property=\"og:type\" content=\"article\" \/>\n<meta property=\"og:title\" content=\"About us - St. Johns Packaging\" \/>\n<meta property=\"og:description\" content=\"St. Johns Packaging is a vertically integrated manufacturer of flexible packaging, with a focus in wicket bag manufacturing for the bread bag market.\" \/>\n<meta property=\"og:url\" content=\"https:\/\/www.sjpack.com\/es\/about-us\/\" \/>\n<meta property=\"og:site_name\" content=\"St. Johns Packaging\" \/>\n<meta property=\"article:modified_time\" content=\"2026-01-23T08:00:13+00:00\" \/>\n<meta property=\"og:image\" content=\"https:\/\/www.sjpack.com\/wp-content\/uploads\/2018\/06\/share.png\" \/>\n\t<meta property=\"og:image:width\" content=\"1200\" \/>\n\t<meta property=\"og:image:height\" content=\"630\" \/>\n<meta property=\"fb:app_id\" content=\"611750349471594\" \/>\n<meta name=\"twitter:label1\" content=\"Escrito por\">\n\t<meta name=\"twitter:data1\" content=\"Genevieve Remillard\">\n\t<meta name=\"twitter:label2\" content=\"Tiempo de lectura\">\n\t<meta name=\"twitter:data2\" content=\"1 minuto\">\n<script type=\"application\/ld+json\" class=\"yoast-schema-graph\">{\"@context\":\"https:\/\/schema.org\",\"@graph\":[{\"@type\":\"WebSite\",\"@id\":\"https:\/\/www.sjpack.com\/#website\",\"url\":\"https:\/\/www.sjpack.com\/\",\"name\":\"St. Johns Packaging\",\"description\":\"\",\"potentialAction\":[{\"@type\":\"SearchAction\",\"target\":\"https:\/\/www.sjpack.com\/?s={search_term_string}\",\"query-input\":\"required name=search_term_string\"}],\"inLanguage\":\"es\"},{\"@type\":\"WebPage\",\"@id\":\"https:\/\/www.sjpack.com\/es\/about-us\/#webpage\",\"url\":\"https:\/\/www.sjpack.com\/es\/about-us\/\",\"name\":\"About us - St. Johns Packaging\",\"isPartOf\":{\"@id\":\"https:\/\/www.sjpack.com\/#website\"},\"datePublished\":\"2018-06-15T20:26:57+00:00\",\"dateModified\":\"2026-01-23T08:00:13+00:00\",\"description\":\"St. Johns Packaging is a vertically integrated manufacturer of flexible packaging, with a focus in wicket bag manufacturing for the bread bag market.\",\"inLanguage\":\"es\",\"potentialAction\":[{\"@type\":\"ReadAction\",\"target\":[\"https:\/\/www.sjpack.com\/es\/about-us\/\"]}]}]}<\/script>\n<!-- \/ Yoast SEO plugin. -->","_links":{"self":[{"href":"https:\/\/www.sjpack.com\/es\/wp-json\/wp\/v2\/pages\/3463\/"}],"collection":[{"href":"https:\/\/www.sjpack.com\/es\/wp-json\/wp\/v2\/pages\/"}],"about":[{"href":"https:\/\/www.sjpack.com\/es\/wp-json\/wp\/v2\/types\/page\/"}],"author":[{"embeddable":true,"href":"https:\/\/www.sjpack.com\/es\/wp-json\/wp\/v2\/users\/5\/"}],"replies":[{"embeddable":true,"href":"https:\/\/www.sjpack.com\/es\/wp-json\/wp\/v2\/comments\/?post=3463"}],"version-history":[{"count":5,"href":"https:\/\/www.sjpack.com\/es\/wp-json\/wp\/v2\/pages\/3463\/revisions\/"}],"predecessor-version":[{"id":6808,"href":"https:\/\/www.sjpack.com\/es\/wp-json\/wp\/v2\/pages\/3463\/revisions\/6808\/"}],"wp:attachment":[{"href":"https:\/\/www.sjpack.com\/es\/wp-json\/wp\/v2\/media\/?parent=3463"}],"curies":[{"name":"wp","href":"https:\/\/api.w.org\/{rel}","templated":true}]}}